{"id":890,"date":"2025-09-28T00:04:38","date_gmt":"2025-09-27T22:04:38","guid":{"rendered":"https:\/\/odlewnia.bartoszdanko.pl\/?page_id=890"},"modified":"2025-10-21T08:48:06","modified_gmt":"2025-10-21T06:48:06","slug":"powiazane-firmy","status":"publish","type":"page","link":"https:\/\/odlewnia-kowala.com.pl\/en\/powiazane-firmy\/","title":{"rendered":"Related companies"},"content":{"rendered":"\t\t<div data-elementor-type=\"wp-page\" data-elementor-id=\"890\" class=\"elementor elementor-890\" data-elementor-post-type=\"page\">\n\t\t\t\t<div class=\"elementor-element elementor-element-4dcf62f5 e-flex e-con-boxed e-con e-parent\" data-id=\"4dcf62f5\" data-element_type=\"container\">\n\t\t\t\t\t<div class=\"e-con-inner\">\n\t\t<div class=\"elementor-element elementor-element-72fe56c0 e-con-full elementor-hidden-mobile_extra elementor-hidden-mobile e-flex e-con e-child\" data-id=\"72fe56c0\" data-element_type=\"container\">\n\t\t<div class=\"elementor-element elementor-element-1ea10045 e-con-full e-flex e-con e-child\" data-id=\"1ea10045\" data-element_type=\"container\" data-settings=\"{&quot;sticky&quot;:&quot;top&quot;,&quot;sticky_offset&quot;:150,&quot;sticky_parent&quot;:&quot;yes&quot;,&quot;sticky_on&quot;:[&quot;widescreen&quot;,&quot;desktop&quot;,&quot;laptop&quot;,&quot;tablet_extra&quot;,&quot;tablet&quot;,&quot;mobile_extra&quot;,&quot;mobile&quot;],&quot;sticky_effects_offset&quot;:0,&quot;sticky_anchor_link_offset&quot;:0}\">\n\t\t<div class=\"elementor-element elementor-element-5088e436 e-con-full e-flex e-con e-child\" data-id=\"5088e436\" data-element_type=\"container\">\n\t\t\t\t<div class=\"elementor-element elementor-element-7ed9854a elementor-widget elementor-widget-heading\" data-id=\"7ed9854a\" data-element_type=\"widget\" data-widget_type=\"heading.default\">\n\t\t\t\t\t<span class=\"elementor-heading-title elementor-size-default\">Odlewnia Kowala<\/span>\t\t\t\t<\/div>\n\t\t\t\t<\/div>\n\t\t\t\t<div class=\"elementor-element elementor-element-72da1efa elementor-nav-menu__align-start elementor-nav-menu--dropdown-none elementor-widget elementor-widget-nav-menu\" data-id=\"72da1efa\" data-element_type=\"widget\" data-settings=\"{&quot;layout&quot;:&quot;vertical&quot;,&quot;submenu_icon&quot;:{&quot;value&quot;:&quot;&lt;svg class=\\&quot;e-font-icon-svg e-fas-caret-down\\&quot; viewBox=\\&quot;0 0 320 512\\&quot; xmlns=\\&quot;http:\\\/\\\/www.w3.org\\\/2000\\\/svg\\&quot;&gt;&lt;path d=\\&quot;M31.3 192h257.3c17.8 0 26.7 21.5 14.1 34.1L174.1 354.8c-7.8 7.8-20.5 7.8-28.3 0L17.2 226.1C4.6 213.5 13.5 192 31.3 192z\\&quot;&gt;&lt;\\\/path&gt;&lt;\\\/svg&gt;&quot;,&quot;library&quot;:&quot;fa-solid&quot;}}\" data-widget_type=\"nav-menu.default\">\n\t\t\t\t\t\t\t\t<nav aria-label=\"Menu\" class=\"elementor-nav-menu--main elementor-nav-menu__container elementor-nav-menu--layout-vertical e--pointer-none\">\n\t\t\t\t<ul id=\"menu-1-72da1efa\" class=\"elementor-nav-menu sm-vertical\"><li class=\"menu-item menu-item-type-post_type menu-item-object-page menu-item-911\"><a href=\"https:\/\/odlewnia-kowala.com.pl\/en\/powiazane-firmy\/kowalatech\/\" class=\"elementor-item\">KowalaTech<\/a><\/li>\n<li class=\"menu-item menu-item-type-post_type menu-item-object-page menu-item-912\"><a href=\"https:\/\/odlewnia-kowala.com.pl\/en\/powiazane-firmy\/kowalapro\/\" class=\"elementor-item\">KowalaPro<\/a><\/li>\n<\/ul>\t\t\t<\/nav>\n\t\t\t\t\t\t<nav class=\"elementor-nav-menu--dropdown elementor-nav-menu__container\" aria-hidden=\"true\">\n\t\t\t\t<ul id=\"menu-2-72da1efa\" class=\"elementor-nav-menu sm-vertical\"><li class=\"menu-item menu-item-type-post_type menu-item-object-page menu-item-911\"><a href=\"https:\/\/odlewnia-kowala.com.pl\/en\/powiazane-firmy\/kowalatech\/\" class=\"elementor-item\" tabindex=\"-1\">KowalaTech<\/a><\/li>\n<li class=\"menu-item menu-item-type-post_type menu-item-object-page menu-item-912\"><a href=\"https:\/\/odlewnia-kowala.com.pl\/en\/powiazane-firmy\/kowalapro\/\" class=\"elementor-item\" tabindex=\"-1\">KowalaPro<\/a><\/li>\n<\/ul>\t\t\t<\/nav>\n\t\t\t\t\t\t<\/div>\n\t\t\t\t<\/div>\n\t\t\t\t<\/div>\n\t\t<div class=\"elementor-element elementor-element-7a5a2f3d e-con-full e-flex e-con e-child\" data-id=\"7a5a2f3d\" data-element_type=\"container\">\n\t\t<div class=\"elementor-element elementor-element-1395494 e-con-full e-flex e-con e-child\" data-id=\"1395494\" data-element_type=\"container\">\n\t\t\t\t<div class=\"elementor-element elementor-element-48a81abd elementor-widget elementor-widget-heading\" data-id=\"48a81abd\" data-element_type=\"widget\" data-widget_type=\"heading.default\">\n\t\t\t\t\t<h1 class=\"elementor-heading-title elementor-size-default\">Grupa Kowala \u2013 KowalaTech i KowalaPro<\/h1>\t\t\t\t<\/div>\n\t\t\t\t<div class=\"elementor-element elementor-element-654feda3 elementor-widget elementor-widget-text-editor\" data-id=\"654feda3\" data-element_type=\"widget\" data-widget_type=\"text-editor.default\">\n\t\t\t\t\t\t\t\t\t<p class=\"p1\">Odlewnia Metali Kolorowych Kowala to nie tylko odlewy aluminiowe i metale kolorowe. W ramach naszej dzia\u0142alno\u015bci powsta\u0142y tak\u017ce wyspecjalizowane sp\u00f3\u0142ki, kt\u00f3re uzupe\u0142niaj\u0105 ofert\u0119 i pozwalaj\u0105 nam \u015bwiadczy\u0107 us\u0142ugi kompleksowo \u2013 od projektu narz\u0119dzi po produkcje wyrob\u00f3w w\u0142asnych. Dzi\u0119ki temu nasi klienci otrzymuj\u0105 pe\u0142ne wsparcie technologiczne i produkcyjne w jednym miejscu.<\/p>\t\t\t\t\t\t\t\t<\/div>\n\t\t\t\t<\/div>\n\t\t\t\t<div class=\"elementor-element elementor-element-3f757df7 elementor-widget elementor-widget-image\" data-id=\"3f757df7\" data-element_type=\"widget\" data-widget_type=\"image.default\">\n\t\t\t\t\t\t\t\t\t\t\t\t\t\t\t<img decoding=\"async\" src=\"https:\/\/odlewnia-kowala.com.pl\/wp-content\/uploads\/2025\/10\/odlewnia.webp\" title=\"odlewnia\" alt=\"odlewnia\" loading=\"lazy\" \/>\t\t\t\t\t\t\t\t\t\t\t\t\t\t\t<\/div>\n\t\t\t\t<\/div>\n\t\t\t\t\t<\/div>\n\t\t\t\t<\/div>\n\t\t<div class=\"elementor-element elementor-element-ab2d423 e-flex e-con-boxed e-con e-child\" data-id=\"ab2d423\" data-element_type=\"container\">\n\t\t\t\t\t<div class=\"e-con-inner\">\n\t\t<div class=\"elementor-element elementor-element-4471c288 e-con-full e-flex e-con e-child\" data-id=\"4471c288\" data-element_type=\"container\">\n\t\t<div class=\"elementor-element elementor-element-5717883 e-con-full e-flex e-con e-child\" data-id=\"5717883\" data-element_type=\"container\">\n\t\t\t\t<div class=\"elementor-element elementor-element-29fc457 elementor-widget elementor-widget-heading\" data-id=\"29fc457\" data-element_type=\"widget\" data-widget_type=\"heading.default\">\n\t\t\t\t\t<h3 class=\"elementor-heading-title elementor-size-default\">innowacje i narz\u0119dzia odlewnicze<\/h3>\t\t\t\t<\/div>\n\t\t\t\t<div class=\"elementor-element elementor-element-843f59f elementor-widget elementor-widget-heading\" data-id=\"843f59f\" data-element_type=\"widget\" data-widget_type=\"heading.default\">\n\t\t\t\t\t<h2 class=\"elementor-heading-title elementor-size-default\">KowalaTech<\/h2>\t\t\t\t<\/div>\n\t\t\t\t<\/div>\n\t\t<div class=\"elementor-element elementor-element-ae4f538 e-con-full e-flex e-con e-child\" data-id=\"ae4f538\" data-element_type=\"container\">\n\t\t\t\t<div class=\"elementor-element elementor-element-3d6085d elementor-widget elementor-widget-text-editor\" data-id=\"3d6085d\" data-element_type=\"widget\" data-widget_type=\"text-editor.default\">\n\t\t\t\t\t\t\t\t\t<p>KowalaTech koncentruje si\u0119 na nowoczesnych technologiach wspieraj\u0105cych proces odlewania. Zajmuje si\u0119 projektowaniem i produkcj\u0105 narz\u0119dzi odlewniczych, wdra\u017caniem innowacyjnych rozwi\u0105za\u0144 oraz dodatkowymi us\u0142ugami. To firma nastawiona na rozw\u00f3j i precyzj\u0119, kt\u00f3ra wspiera klient\u00f3w w tworzeniu niezawodnych odlew\u00f3w.<\/p>\t\t\t\t\t\t\t\t<\/div>\n\t\t\t\t<\/div>\n\t\t\t\t<div class=\"elementor-element elementor-element-3b83545 elementor-widget elementor-widget-heading\" data-id=\"3b83545\" data-element_type=\"widget\" data-widget_type=\"heading.default\">\n\t\t\t\t\t<div class=\"elementor-heading-title elementor-size-default\"><a href=\"https:\/\/odlewnia-kowala.com.pl\/powiazane-firmy\/kowalatech\/\">Poznaj ofert\u0119 KowalaTech \u00bb\u00a0<\/a><\/div>\t\t\t\t<\/div>\n\t\t\t\t<\/div>\n\t\t<div class=\"elementor-element elementor-element-18cb420 e-con-full e-flex e-con e-child\" data-id=\"18cb420\" data-element_type=\"container\">\n\t\t\t\t<div class=\"elementor-element elementor-element-b286da7 elementor-widget elementor-widget-image\" data-id=\"b286da7\" data-element_type=\"widget\" data-widget_type=\"image.default\">\n\t\t\t\t\t\t\t\t\t\t\t\t\t\t\t<img decoding=\"async\" src=\"https:\/\/odlewnia-kowala.com.pl\/wp-content\/uploads\/2025\/09\/working-blueprint-11.webp\" title=\"working-blueprint 11\" alt=\"working-blueprint 11\" loading=\"lazy\" \/>\t\t\t\t\t\t\t\t\t\t\t\t\t\t\t<\/div>\n\t\t\t\t<\/div>\n\t\t\t\t\t<\/div>\n\t\t\t\t<\/div>\n\t\t<div class=\"elementor-element elementor-element-78a8ef3 e-flex e-con-boxed e-con e-child\" data-id=\"78a8ef3\" data-element_type=\"container\">\n\t\t\t\t\t<div class=\"e-con-inner\">\n\t\t<div class=\"elementor-element elementor-element-796618f e-con-full e-flex e-con e-child\" data-id=\"796618f\" data-element_type=\"container\">\n\t\t<div class=\"elementor-element elementor-element-7f6a3af e-con-full e-flex e-con e-child\" data-id=\"7f6a3af\" data-element_type=\"container\">\n\t\t\t\t<div class=\"elementor-element elementor-element-d27f63a elementor-widget elementor-widget-heading\" data-id=\"d27f63a\" data-element_type=\"widget\" data-widget_type=\"heading.default\">\n\t\t\t\t\t<h3 class=\"elementor-heading-title elementor-size-default\">precyzyjna obr\u00f3bka i wyko\u0144czenie<\/h3>\t\t\t\t<\/div>\n\t\t\t\t<div class=\"elementor-element elementor-element-ab94d60 elementor-widget elementor-widget-heading\" data-id=\"ab94d60\" data-element_type=\"widget\" data-widget_type=\"heading.default\">\n\t\t\t\t\t<h2 class=\"elementor-heading-title elementor-size-default\">KowalaPro<\/h2>\t\t\t\t<\/div>\n\t\t\t\t<\/div>\n\t\t<div class=\"elementor-element elementor-element-5399565 e-con-full e-flex e-con e-child\" data-id=\"5399565\" data-element_type=\"container\">\n\t\t\t\t<div class=\"elementor-element elementor-element-a339c2b elementor-widget elementor-widget-text-editor\" data-id=\"a339c2b\" data-element_type=\"widget\" data-widget_type=\"text-editor.default\">\n\t\t\t\t\t\t\t\t\t<p><span class=\"TextRun MacChromeBold SCXW162745789 BCX0\" lang=\"PL-PL\" xml:lang=\"PL-PL\" data-contrast=\"auto\"><span class=\"NormalTextRun SpellingErrorV2Themed SCXW162745789 BCX0\">KowalaPro<\/span><\/span><span class=\"TextRun SCXW162745789 BCX0\" lang=\"PL-PL\" xml:lang=\"PL-PL\" data-contrast=\"auto\"><span class=\"NormalTextRun SCXW162745789 BCX0\"> to marka skupiaj\u0105ca si\u0119 na rozwoju i produkcji <\/span><\/span><span class=\"TextRun MacChromeBold SCXW162745789 BCX0\" lang=\"PL-PL\" xml:lang=\"PL-PL\" data-contrast=\"auto\"><span class=\"NormalTextRun SCXW162745789 BCX0\">autorskich wyrob\u00f3w aluminiowych<\/span><\/span><span class=\"TextRun SCXW162745789 BCX0\" lang=\"PL-PL\" xml:lang=\"PL-PL\" data-contrast=\"auto\"><span class=\"NormalTextRun SCXW162745789 BCX0\">. \u0141\u0105czymy do\u015bwiadczenie odlewnicze z nowoczesnym wzornictwem i funkcjonalno\u015bci\u0105, tworz\u0105c produkty, kt\u00f3re s\u0105 trwa\u0142e, estetyczne i \u0142atwe w monta\u017cu.<\/span><\/span><span class=\"EOP SCXW162745789 BCX0\" data-ccp-props=\"{}\">\u00a0<\/span><\/p>\t\t\t\t\t\t\t\t<\/div>\n\t\t\t\t<\/div>\n\t\t\t\t<div class=\"elementor-element elementor-element-a1f22ef elementor-widget elementor-widget-heading\" data-id=\"a1f22ef\" data-element_type=\"widget\" data-widget_type=\"heading.default\">\n\t\t\t\t\t<div class=\"elementor-heading-title elementor-size-default\"><a href=\"https:\/\/odlewnia-kowala.com.pl\/powiazane-firmy\/kowalapro\/\">Poznaj ofert\u0119 KowalaPro \u00bb\u00a0<\/a><\/div>\t\t\t\t<\/div>\n\t\t\t\t<\/div>\n\t\t<div class=\"elementor-element elementor-element-39b8d39 e-con-full e-flex e-con e-child\" data-id=\"39b8d39\" data-element_type=\"container\">\n\t\t\t\t<div class=\"elementor-element elementor-element-3f27dd4 elementor-widget elementor-widget-image\" data-id=\"3f27dd4\" data-element_type=\"widget\" data-widget_type=\"image.default\">\n\t\t\t\t\t\t\t\t\t\t\t\t\t\t\t<img decoding=\"async\" src=\"https:\/\/odlewnia-kowala.com.pl\/wp-content\/uploads\/2025\/10\/1.webp\" title=\"1\" alt=\"1\" loading=\"lazy\" \/>\t\t\t\t\t\t\t\t\t\t\t\t\t\t\t<\/div>\n\t\t\t\t<\/div>\n\t\t\t\t\t<\/div>\n\t\t\t\t<\/div>\n\t\t<div class=\"elementor-element elementor-element-418eb5a4 e-flex e-con-boxed e-con e-parent\" data-id=\"418eb5a4\" data-element_type=\"container\">\n\t\t\t\t\t<div class=\"e-con-inner\">\n\t\t<div class=\"elementor-element elementor-element-456124a1 e-con-full e-flex e-con e-child\" data-id=\"456124a1\" data-element_type=\"container\">\n\t\t\t\t<div class=\"elementor-element elementor-element-152718be elementor-widget elementor-widget-heading\" data-id=\"152718be\" data-element_type=\"widget\" data-widget_type=\"heading.default\">\n\t\t\t\t\t<h2 class=\"elementor-heading-title elementor-size-default\">Kompleksowa obs\u0142uga w Grupie Kowala<\/h2>\t\t\t\t<\/div>\n\t\t\t\t<div class=\"elementor-element elementor-element-72ba2ae4 elementor-widget elementor-widget-text-editor\" data-id=\"72ba2ae4\" data-element_type=\"widget\" data-widget_type=\"text-editor.default\">\n\t\t\t\t\t\t\t\t\t<p data-pm-slice=\"0 0 []\">Dzi\u0119ki wsp\u00f3\u0142pracy Odlewni Kowala, KowalaTech i KowalaPro, jeste\u015bmy w stanie realizowa\u0107 nawet najbardziej wymagaj\u0105ce projekty \u2013 od koncepcji, przez narz\u0119dzia i odlewy, a\u017c po finalne wyko\u0144czenie i dostarczenie gotowych komponent\u00f3w.<\/p>\t\t\t\t\t\t\t\t<\/div>\n\t\t\t\t<\/div>\n\t\t\t\t<div class=\"elementor-element elementor-element-3409efb elementor-widget elementor-widget-image\" data-id=\"3409efb\" data-element_type=\"widget\" data-widget_type=\"image.default\">\n\t\t\t\t\t\t\t\t\t\t\t\t\t\t\t<img decoding=\"async\" src=\"https:\/\/odlewnia-kowala.com.pl\/wp-content\/uploads\/2025\/09\/image-1-scaled.webp\" title=\"image (1)\" alt=\"image (1)\" loading=\"lazy\" \/>\t\t\t\t\t\t\t\t\t\t\t\t\t\t\t<\/div>\n\t\t\t\t\t<\/div>\n\t\t\t\t<\/div>\n\t\t\t\t<\/div>\n\t\t","protected":false},"excerpt":{"rendered":"<p>Odlewnia Kowala Grupa Kowala \u2013 KowalaTech i KowalaPro Odlewnia Metali Kolorowych Kowala to nie tylko odlewy aluminiowe i metale kolorowe. W ramach naszej dzia\u0142alno\u015bci powsta\u0142y tak\u017ce wyspecjalizowane sp\u00f3\u0142ki, kt\u00f3re uzupe\u0142niaj\u0105 ofert\u0119 i pozwalaj\u0105 nam \u015bwiadczy\u0107 us\u0142ugi kompleksowo \u2013 od projektu narz\u0119dzi po produkcje wyrob\u00f3w w\u0142asnych. Dzi\u0119ki temu nasi klienci otrzymuj\u0105 pe\u0142ne wsparcie technologiczne i produkcyjne [&hellip;]<\/p>\n","protected":false},"author":1,"featured_media":30,"parent":0,"menu_order":0,"comment_status":"closed","ping_status":"closed","template":"","meta":{"_acf_changed":false,"footnotes":""},"class_list":["post-890","page","type-page","status-publish","has-post-thumbnail","hentry"],"acf":[],"yoast_head":"<!-- This site is optimized with the Yoast SEO Premium plugin v25.7.1 (Yoast SEO v25.7) - https:\/\/yoast.com\/wordpress\/plugins\/seo\/ -->\n<title>Powi\u0105zane firmy | Odlewnia Kowala<\/title>\n<meta name=\"description\" content=\"Poznaj powi\u0105zane firmy Odlewni Kowala \u2013 KowalaPro i KowalaTech. Wsp\u00f3lnie tworzymy kompleksowe rozwi\u0105zania w odlewnictwie i obr\u00f3bce metali.\" \/>\n<meta name=\"robots\" content=\"index, follow, max-snippet:-1, max-image-preview:large, max-video-preview:-1\" \/>\n<link rel=\"canonical\" href=\"https:\/\/odlewnia-kowala.com.pl\/en\/powiazane-firmy\/\" \/>\n<meta property=\"og:locale\" content=\"en_US\" \/>\n<meta property=\"og:type\" content=\"article\" \/>\n<meta property=\"og:title\" content=\"Powi\u0105zane firmy\" \/>\n<meta property=\"og:description\" content=\"Poznaj powi\u0105zane firmy Odlewni Kowala \u2013 KowalaPro i KowalaTech. Wsp\u00f3lnie tworzymy kompleksowe rozwi\u0105zania w odlewnictwie i obr\u00f3bce metali.\" \/>\n<meta property=\"og:url\" content=\"https:\/\/odlewnia-kowala.com.pl\/en\/powiazane-firmy\/\" \/>\n<meta property=\"og:site_name\" content=\"Odlewnia Metali Kolorowych Kowala\" \/>\n<meta property=\"article:publisher\" content=\"https:\/\/www.facebook.com\/profile.php?id=100093904969323\" \/>\n<meta property=\"article:modified_time\" content=\"2025-10-21T06:48:06+00:00\" \/>\n<meta property=\"og:image\" content=\"https:\/\/odlewnia-kowala.com.pl\/wp-content\/uploads\/2025\/09\/favicon.png\" \/>\n\t<meta property=\"og:image:width\" content=\"512\" \/>\n\t<meta property=\"og:image:height\" content=\"512\" \/>\n\t<meta property=\"og:image:type\" content=\"image\/png\" \/>\n<meta name=\"twitter:card\" content=\"summary_large_image\" \/>\n<meta name=\"twitter:label1\" content=\"Est. reading time\" \/>\n\t<meta name=\"twitter:data1\" content=\"2 minutes\" \/>\n<script type=\"application\/ld+json\" class=\"yoast-schema-graph\">{\"@context\":\"https:\/\/schema.org\",\"@graph\":[{\"@type\":\"WebPage\",\"@id\":\"https:\/\/odlewnia-kowala.com.pl\/powiazane-firmy\/\",\"url\":\"https:\/\/odlewnia-kowala.com.pl\/powiazane-firmy\/\",\"name\":\"Powi\u0105zane firmy | Odlewnia Kowala\",\"isPartOf\":{\"@id\":\"https:\/\/odlewnia-kowala.com.pl\/#website\"},\"primaryImageOfPage\":{\"@id\":\"https:\/\/odlewnia-kowala.com.pl\/powiazane-firmy\/#primaryimage\"},\"image\":{\"@id\":\"https:\/\/odlewnia-kowala.com.pl\/powiazane-firmy\/#primaryimage\"},\"thumbnailUrl\":\"https:\/\/odlewnia-kowala.com.pl\/wp-content\/uploads\/2025\/09\/favicon.png\",\"datePublished\":\"2025-09-27T22:04:38+00:00\",\"dateModified\":\"2025-10-21T06:48:06+00:00\",\"description\":\"Poznaj powi\u0105zane firmy Odlewni Kowala \u2013 KowalaPro i KowalaTech. Wsp\u00f3lnie tworzymy kompleksowe rozwi\u0105zania w odlewnictwie i obr\u00f3bce metali.\",\"breadcrumb\":{\"@id\":\"https:\/\/odlewnia-kowala.com.pl\/powiazane-firmy\/#breadcrumb\"},\"inLanguage\":\"en-US\",\"potentialAction\":[{\"@type\":\"ReadAction\",\"target\":[\"https:\/\/odlewnia-kowala.com.pl\/powiazane-firmy\/\"]}]},{\"@type\":\"ImageObject\",\"inLanguage\":\"en-US\",\"@id\":\"https:\/\/odlewnia-kowala.com.pl\/powiazane-firmy\/#primaryimage\",\"url\":\"https:\/\/odlewnia-kowala.com.pl\/wp-content\/uploads\/2025\/09\/favicon.png\",\"contentUrl\":\"https:\/\/odlewnia-kowala.com.pl\/wp-content\/uploads\/2025\/09\/favicon.png\",\"width\":512,\"height\":512},{\"@type\":\"BreadcrumbList\",\"@id\":\"https:\/\/odlewnia-kowala.com.pl\/powiazane-firmy\/#breadcrumb\",\"itemListElement\":[{\"@type\":\"ListItem\",\"position\":1,\"name\":\"Home\",\"item\":\"https:\/\/odlewnia-kowala.com.pl\/\"},{\"@type\":\"ListItem\",\"position\":2,\"name\":\"Powi\u0105zane firmy\"}]},{\"@type\":\"WebSite\",\"@id\":\"https:\/\/odlewnia-kowala.com.pl\/#website\",\"url\":\"https:\/\/odlewnia-kowala.com.pl\/\",\"name\":\"Odlewnia Metali Kolorowych Kowala\",\"description\":\"Odlewy aluminiowe i metali kolorowych \u2013 ci\u015bnieniowe, piaskowe, CNC \u2013 Odlewnia Kowala\",\"potentialAction\":[{\"@type\":\"SearchAction\",\"target\":{\"@type\":\"EntryPoint\",\"urlTemplate\":\"https:\/\/odlewnia-kowala.com.pl\/?s={search_term_string}\"},\"query-input\":{\"@type\":\"PropertyValueSpecification\",\"valueRequired\":true,\"valueName\":\"search_term_string\"}}],\"inLanguage\":\"en-US\"}]}<\/script>\n<!-- \/ Yoast SEO Premium plugin. -->","yoast_head_json":{"title":"Powi\u0105zane firmy | Odlewnia Kowala","description":"Poznaj powi\u0105zane firmy Odlewni Kowala \u2013 KowalaPro i KowalaTech. Wsp\u00f3lnie tworzymy kompleksowe rozwi\u0105zania w odlewnictwie i obr\u00f3bce metali.","robots":{"index":"index","follow":"follow","max-snippet":"max-snippet:-1","max-image-preview":"max-image-preview:large","max-video-preview":"max-video-preview:-1"},"canonical":"https:\/\/odlewnia-kowala.com.pl\/en\/powiazane-firmy\/","og_locale":"en_US","og_type":"article","og_title":"Powi\u0105zane firmy","og_description":"Poznaj powi\u0105zane firmy Odlewni Kowala \u2013 KowalaPro i KowalaTech. Wsp\u00f3lnie tworzymy kompleksowe rozwi\u0105zania w odlewnictwie i obr\u00f3bce metali.","og_url":"https:\/\/odlewnia-kowala.com.pl\/en\/powiazane-firmy\/","og_site_name":"Odlewnia Metali Kolorowych Kowala","article_publisher":"https:\/\/www.facebook.com\/profile.php?id=100093904969323","article_modified_time":"2025-10-21T06:48:06+00:00","og_image":[{"width":512,"height":512,"url":"https:\/\/odlewnia-kowala.com.pl\/wp-content\/uploads\/2025\/09\/favicon.png","type":"image\/png"}],"twitter_card":"summary_large_image","twitter_misc":{"Est. reading time":"2 minutes"},"schema":{"@context":"https:\/\/schema.org","@graph":[{"@type":"WebPage","@id":"https:\/\/odlewnia-kowala.com.pl\/powiazane-firmy\/","url":"https:\/\/odlewnia-kowala.com.pl\/powiazane-firmy\/","name":"Powi\u0105zane firmy | Odlewnia Kowala","isPartOf":{"@id":"https:\/\/odlewnia-kowala.com.pl\/#website"},"primaryImageOfPage":{"@id":"https:\/\/odlewnia-kowala.com.pl\/powiazane-firmy\/#primaryimage"},"image":{"@id":"https:\/\/odlewnia-kowala.com.pl\/powiazane-firmy\/#primaryimage"},"thumbnailUrl":"https:\/\/odlewnia-kowala.com.pl\/wp-content\/uploads\/2025\/09\/favicon.png","datePublished":"2025-09-27T22:04:38+00:00","dateModified":"2025-10-21T06:48:06+00:00","description":"Poznaj powi\u0105zane firmy Odlewni Kowala \u2013 KowalaPro i KowalaTech. Wsp\u00f3lnie tworzymy kompleksowe rozwi\u0105zania w odlewnictwie i obr\u00f3bce metali.","breadcrumb":{"@id":"https:\/\/odlewnia-kowala.com.pl\/powiazane-firmy\/#breadcrumb"},"inLanguage":"en-US","potentialAction":[{"@type":"ReadAction","target":["https:\/\/odlewnia-kowala.com.pl\/powiazane-firmy\/"]}]},{"@type":"ImageObject","inLanguage":"en-US","@id":"https:\/\/odlewnia-kowala.com.pl\/powiazane-firmy\/#primaryimage","url":"https:\/\/odlewnia-kowala.com.pl\/wp-content\/uploads\/2025\/09\/favicon.png","contentUrl":"https:\/\/odlewnia-kowala.com.pl\/wp-content\/uploads\/2025\/09\/favicon.png","width":512,"height":512},{"@type":"BreadcrumbList","@id":"https:\/\/odlewnia-kowala.com.pl\/powiazane-firmy\/#breadcrumb","itemListElement":[{"@type":"ListItem","position":1,"name":"Home","item":"https:\/\/odlewnia-kowala.com.pl\/"},{"@type":"ListItem","position":2,"name":"Powi\u0105zane firmy"}]},{"@type":"WebSite","@id":"https:\/\/odlewnia-kowala.com.pl\/#website","url":"https:\/\/odlewnia-kowala.com.pl\/","name":"Odlewnia Metali Kolorowych Kowala","description":"Odlewy aluminiowe i metali kolorowych \u2013 ci\u015bnieniowe, piaskowe, CNC \u2013 Odlewnia Kowala","potentialAction":[{"@type":"SearchAction","target":{"@type":"EntryPoint","urlTemplate":"https:\/\/odlewnia-kowala.com.pl\/?s={search_term_string}"},"query-input":{"@type":"PropertyValueSpecification","valueRequired":true,"valueName":"search_term_string"}}],"inLanguage":"en-US"}]}},"_links":{"self":[{"href":"https:\/\/odlewnia-kowala.com.pl\/en\/wp-json\/wp\/v2\/pages\/890","targetHints":{"allow":["GET"]}}],"collection":[{"href":"https:\/\/odlewnia-kowala.com.pl\/en\/wp-json\/wp\/v2\/pages"}],"about":[{"href":"https:\/\/odlewnia-kowala.com.pl\/en\/wp-json\/wp\/v2\/types\/page"}],"author":[{"embeddable":true,"href":"https:\/\/odlewnia-kowala.com.pl\/en\/wp-json\/wp\/v2\/users\/1"}],"replies":[{"embeddable":true,"href":"https:\/\/odlewnia-kowala.com.pl\/en\/wp-json\/wp\/v2\/comments?post=890"}],"version-history":[{"count":31,"href":"https:\/\/odlewnia-kowala.com.pl\/en\/wp-json\/wp\/v2\/pages\/890\/revisions"}],"predecessor-version":[{"id":1557,"href":"https:\/\/odlewnia-kowala.com.pl\/en\/wp-json\/wp\/v2\/pages\/890\/revisions\/1557"}],"wp:featuredmedia":[{"embeddable":true,"href":"https:\/\/odlewnia-kowala.com.pl\/en\/wp-json\/wp\/v2\/media\/30"}],"wp:attachment":[{"href":"https:\/\/odlewnia-kowala.com.pl\/en\/wp-json\/wp\/v2\/media?parent=890"}],"curies":[{"name":"wp","href":"https:\/\/api.w.org\/{rel}","templated":true}]}}