{"id":718,"date":"2025-09-26T10:41:55","date_gmt":"2025-09-26T08:41:55","guid":{"rendered":"https:\/\/odlewnia.bartoszdanko.pl\/?page_id=718"},"modified":"2026-02-09T13:07:03","modified_gmt":"2026-02-09T12:07:03","slug":"kontakt","status":"publish","type":"page","link":"https:\/\/odlewnia-kowala.com.pl\/en\/kontakt\/","title":{"rendered":"Contact us"},"content":{"rendered":"\t\t<div data-elementor-type=\"wp-page\" data-elementor-id=\"718\" class=\"elementor elementor-718\" data-elementor-post-type=\"page\">\n\t\t\t\t<div class=\"elementor-element elementor-element-62d791a e-flex e-con-boxed e-con e-parent\" data-id=\"62d791a\" data-element_type=\"container\">\n\t\t\t\t\t<div class=\"e-con-inner\">\n\t\t<div class=\"elementor-element elementor-element-331e431 e-con-full e-flex e-con e-child\" data-id=\"331e431\" data-element_type=\"container\">\n\t\t<div class=\"elementor-element elementor-element-a60bbe4 e-con-full e-flex e-con e-child\" data-id=\"a60bbe4\" data-element_type=\"container\">\n\t\t\t\t<div class=\"elementor-element elementor-element-f01f303 elementor-widget elementor-widget-heading\" data-id=\"f01f303\" data-element_type=\"widget\" data-widget_type=\"heading.default\">\n\t\t\t\t\t<h1 class=\"elementor-heading-title elementor-size-default\">Kontakt<\/h1>\t\t\t\t<\/div>\n\t\t<div class=\"elementor-element elementor-element-b72e4ca e-con-full e-flex e-con e-child\" data-id=\"b72e4ca\" data-element_type=\"container\">\n\t\t<div class=\"elementor-element elementor-element-a01527d e-con-full e-flex e-con e-child\" data-id=\"a01527d\" data-element_type=\"container\">\n\t\t\t\t<div class=\"elementor-element elementor-element-162e87b elementor-widget elementor-widget-heading\" data-id=\"162e87b\" data-element_type=\"widget\" data-widget_type=\"heading.default\">\n\t\t\t\t\t<span class=\"elementor-heading-title elementor-size-default\">Wydzia\u0142 Produkcji Odlew\u00f3w Ci\u015bnieniowych<\/span>\t\t\t\t<\/div>\n\t\t\t\t<div class=\"elementor-element elementor-element-04d34d9 elementor-widget elementor-widget-heading\" data-id=\"04d34d9\" data-element_type=\"widget\" data-widget_type=\"heading.default\">\n\t\t\t\t\t<span class=\"elementor-heading-title elementor-size-default\">ul. Targowa 15a, 43-520 Chybie<\/span>\t\t\t\t<\/div>\n\t\t\t\t<div class=\"elementor-element elementor-element-780069f elementor-widget elementor-widget-heading\" data-id=\"780069f\" data-element_type=\"widget\" data-widget_type=\"heading.default\">\n\t\t\t\t\t<span class=\"elementor-heading-title elementor-size-default\">Odlewnia Metali Kolorowych Kowala Sp.J. <br>NIP 548-005-67-98<\/span>\t\t\t\t<\/div>\n\t\t\t\t<\/div>\n\t\t<div class=\"elementor-element elementor-element-472bb58 e-con-full e-flex e-con e-child\" data-id=\"472bb58\" data-element_type=\"container\">\n\t\t\t\t<div class=\"elementor-element elementor-element-a3e9147 elementor-widget elementor-widget-heading\" data-id=\"a3e9147\" data-element_type=\"widget\" data-widget_type=\"heading.default\">\n\t\t\t\t\t<span class=\"elementor-heading-title elementor-size-default\">Wydzia\u0142 Produkcji Odlew\u00f3w Piaskowych<\/span>\t\t\t\t<\/div>\n\t\t\t\t<div class=\"elementor-element elementor-element-e807221 elementor-widget elementor-widget-heading\" data-id=\"e807221\" data-element_type=\"widget\" data-widget_type=\"heading.default\">\n\t\t\t\t\t<span class=\"elementor-heading-title elementor-size-default\">ul. Daszy\u0144skiego 70a, 43-450 Ustro\u0144<\/span>\t\t\t\t<\/div>\n\t\t\t\t<div class=\"elementor-element elementor-element-a05255d elementor-widget elementor-widget-heading\" data-id=\"a05255d\" data-element_type=\"widget\" data-widget_type=\"heading.default\">\n\t\t\t\t\t<span class=\"elementor-heading-title elementor-size-default\">Odlewnia KOWALA Arkadiusz Kowala, Bogus\u0142awa Kowala, Anna Chwastek S.C.<br>NIP 548-248-12-93<\/span>\t\t\t\t<\/div>\n\t\t\t\t<\/div>\n\t\t<div class=\"elementor-element elementor-element-4481edc e-con-full e-flex e-con e-child\" data-id=\"4481edc\" data-element_type=\"container\">\n\t\t<div class=\"elementor-element elementor-element-31e9374 e-con-full e-flex e-con e-child\" data-id=\"31e9374\" data-element_type=\"container\">\n\t\t\t\t<div class=\"elementor-element elementor-element-fd7cf28 elementor-widget elementor-widget-heading\" data-id=\"fd7cf28\" data-element_type=\"widget\" data-widget_type=\"heading.default\">\n\t\t\t\t\t<span class=\"elementor-heading-title elementor-size-default\">Oferty wsp\u00f3\u0142pracy<\/span>\t\t\t\t<\/div>\n\t\t\t\t<div class=\"elementor-element elementor-element-1f490bb elementor-widget elementor-widget-heading\" data-id=\"1f490bb\" data-element_type=\"widget\" data-widget_type=\"heading.default\">\n\t\t\t\t\t<span class=\"elementor-heading-title elementor-size-default\">E-mail:\n<a href=\"mailto:biuro@odlewnia-kowala.com.pl\" style=\"color:#C92023\">biuro@odlewnia-kowala.com.pl<\/a><\/span>\t\t\t\t<\/div>\n\t\t\t\t<\/div>\n\t\t<div class=\"elementor-element elementor-element-3d13b00 e-con-full e-flex e-con e-child\" data-id=\"3d13b00\" data-element_type=\"container\">\n\t\t\t\t<div class=\"elementor-element elementor-element-6afe52a elementor-widget elementor-widget-heading\" data-id=\"6afe52a\" data-element_type=\"widget\" data-widget_type=\"heading.default\">\n\t\t\t\t\t<span class=\"elementor-heading-title elementor-size-default\">Zapytania ofertowe<\/span>\t\t\t\t<\/div>\n\t\t\t\t<div class=\"elementor-element elementor-element-97925db elementor-widget elementor-widget-heading\" data-id=\"97925db\" data-element_type=\"widget\" data-widget_type=\"heading.default\">\n\t\t\t\t\t<span class=\"elementor-heading-title elementor-size-default\">Telefon:\n<a href=\"tel:+48 33 856 19 96\" style=\"color:#C92023\">+48 33 856 19 96<\/a><\/span>\t\t\t\t<\/div>\n\t\t\t\t<div class=\"elementor-element elementor-element-48d645f elementor-widget elementor-widget-heading\" data-id=\"48d645f\" data-element_type=\"widget\" data-widget_type=\"heading.default\">\n\t\t\t\t\t<span class=\"elementor-heading-title elementor-size-default\">E-mail:\n<a href=\"mailto:marketing@odlewnia-kowala.com.pl\" style=\"color:#C92023\">marketing@odlewnia-kowala.com.pl<\/a><\/span>\t\t\t\t<\/div>\n\t\t\t\t<\/div>\n\t\t\t\t<\/div>\n\t\t\t\t<\/div>\n\t\t\t\t<\/div>\n\t\t\t\t<\/div>\n\t\t<div class=\"elementor-element elementor-element-ca22a30 e-con-full e-flex e-con e-child\" data-id=\"ca22a30\" data-element_type=\"container\">\n\t\t<div class=\"elementor-element elementor-element-b6c17b9 e-con-full e-flex e-con e-child\" data-id=\"b6c17b9\" data-element_type=\"container\">\n\t\t\t\t<div class=\"elementor-element elementor-element-fc96e67 elementor-widget elementor-widget-spacer\" data-id=\"fc96e67\" data-element_type=\"widget\" data-widget_type=\"spacer.default\">\n\t\t\t\t\t\t\t<div class=\"elementor-spacer\">\n\t\t\t<div class=\"elementor-spacer-inner\"><\/div>\n\t\t<\/div>\n\t\t\t\t\t\t<\/div>\n\t\t\t\t<div class=\"elementor-element elementor-element-dd2ccf8 elementor-widget elementor-widget-html\" data-id=\"dd2ccf8\" data-element_type=\"widget\" data-widget_type=\"html.default\">\n\t\t\t\t\t<iframe src=\"https:\/\/www.google.com\/maps\/d\/embed?mid=1vq5XyczgFyMSODOodArdqhU-9Rx_Mag&hl=pl&ehbc=2E312F\" width=\"640\" height=\"640\"><\/iframe>\t\t\t\t<\/div>\n\t\t\t\t<\/div>\n\t\t\t\t<\/div>\n\t\t\t\t\t<\/div>\n\t\t\t\t<\/div>\n\t\t<div class=\"elementor-element elementor-element-1dc0fd2 e-flex e-con-boxed e-con e-parent\" data-id=\"1dc0fd2\" data-element_type=\"container\">\n\t\t\t\t\t<div class=\"e-con-inner\">\n\t\t\t\t<div class=\"elementor-element elementor-element-48ada6a elementor-widget elementor-widget-heading\" data-id=\"48ada6a\" data-element_type=\"widget\" data-widget_type=\"heading.default\">\n\t\t\t\t\t<h2 class=\"elementor-heading-title elementor-size-default\">Formularz<\/h2>\t\t\t\t<\/div>\n\t\t<div class=\"elementor-element elementor-element-2272948 e-con-full e-flex e-con e-child\" data-id=\"2272948\" data-element_type=\"container\">\n\t\t\t\t<div class=\"elementor-element elementor-element-88d97e8 elementor-button-align-end elementor-widget elementor-widget-form\" data-id=\"88d97e8\" data-element_type=\"widget\" data-settings=\"{&quot;button_width&quot;:&quot;100&quot;,&quot;step_type&quot;:&quot;number_text&quot;,&quot;step_icon_shape&quot;:&quot;circle&quot;}\" data-widget_type=\"form.default\">\n\t\t\t\t\t\t\t<form class=\"elementor-form\" method=\"post\" name=\"projekt_pdf\" aria-label=\"projekt_pdf\">\n\t\t\t<input type=\"hidden\" name=\"post_id\" value=\"718\"\/>\n\t\t\t<input type=\"hidden\" name=\"form_id\" value=\"88d97e8\"\/>\n\t\t\t<input type=\"hidden\" name=\"referer_title\" value=\"Kontakt | Odlewnia Kowala\" \/>\n\n\t\t\t\t\t\t\t<input type=\"hidden\" name=\"queried_id\" value=\"718\"\/>\n\t\t\t\n\t\t\t<div class=\"elementor-form-fields-wrapper elementor-labels-above\">\n\t\t\t\t\t\t\t\t<div class=\"elementor-field-type-text elementor-field-group elementor-column elementor-field-group-name elementor-col-50 elementor-field-required elementor-mark-required\">\n\t\t\t\t\t\t\t\t\t\t\t\t<label for=\"form-field-name\" class=\"elementor-field-label\">\n\t\t\t\t\t\t\t\tImi\u0119 i nazwisko\t\t\t\t\t\t\t<\/label>\n\t\t\t\t\t\t\t\t\t\t\t\t\t\t<input size=\"1\" type=\"text\" name=\"form_fields[name]\" id=\"form-field-name\" class=\"elementor-field elementor-size-sm  elementor-field-textual\" required=\"required\">\n\t\t\t\t\t\t\t\t\t\t\t<\/div>\n\t\t\t\t\t\t\t\t<div class=\"elementor-field-type-text elementor-field-group elementor-column elementor-field-group-field_e133483 elementor-col-50\">\n\t\t\t\t\t\t\t\t\t\t\t\t<label for=\"form-field-field_e133483\" class=\"elementor-field-label\">\n\t\t\t\t\t\t\t\tNazwa firmy\t\t\t\t\t\t\t<\/label>\n\t\t\t\t\t\t\t\t\t\t\t\t\t\t<input size=\"1\" type=\"text\" name=\"form_fields[field_e133483]\" id=\"form-field-field_e133483\" class=\"elementor-field elementor-size-sm  elementor-field-textual\">\n\t\t\t\t\t\t\t\t\t\t\t<\/div>\n\t\t\t\t\t\t\t\t<div class=\"elementor-field-type-email elementor-field-group elementor-column elementor-field-group-email elementor-col-50 elementor-field-required elementor-mark-required\">\n\t\t\t\t\t\t\t\t\t\t\t\t<label for=\"form-field-email\" class=\"elementor-field-label\">\n\t\t\t\t\t\t\t\tAdres e-mail\t\t\t\t\t\t\t<\/label>\n\t\t\t\t\t\t\t\t\t\t\t\t\t\t<input size=\"1\" type=\"email\" name=\"form_fields[email]\" id=\"form-field-email\" class=\"elementor-field elementor-size-sm  elementor-field-textual\" required=\"required\">\n\t\t\t\t\t\t\t\t\t\t\t<\/div>\n\t\t\t\t\t\t\t\t<div class=\"elementor-field-type-text elementor-field-group elementor-column elementor-field-group-field_8a1ee7a elementor-col-50 elementor-field-required elementor-mark-required\">\n\t\t\t\t\t\t\t\t\t\t\t\t<label for=\"form-field-field_8a1ee7a\" class=\"elementor-field-label\">\n\t\t\t\t\t\t\t\tTelefon kontaktowy\t\t\t\t\t\t\t<\/label>\n\t\t\t\t\t\t\t\t\t\t\t\t\t\t<input size=\"1\" type=\"text\" name=\"form_fields[field_8a1ee7a]\" id=\"form-field-field_8a1ee7a\" class=\"elementor-field elementor-size-sm  elementor-field-textual\" required=\"required\">\n\t\t\t\t\t\t\t\t\t\t\t<\/div>\n\t\t\t\t\t\t\t\t<div class=\"elementor-field-type-textarea elementor-field-group elementor-column elementor-field-group-message elementor-col-100\">\n\t\t\t\t\t\t\t\t\t\t\t\t<label for=\"form-field-message\" class=\"elementor-field-label\">\n\t\t\t\t\t\t\t\tWiadomo\u015b\u0107\t\t\t\t\t\t\t<\/label>\n\t\t\t\t\t\t<textarea class=\"elementor-field-textual elementor-field  elementor-size-sm\" name=\"form_fields[message]\" id=\"form-field-message\" rows=\"4\"><\/textarea>\t\t\t\t<\/div>\n\t\t\t\t\t\t\t\t<div class=\"elementor-field-type-upload elementor-field-group elementor-column elementor-field-group-field_e1e8168 elementor-col-100\">\n\t\t\t\t\t\t\t\t\t\t\t\t<label for=\"form-field-field_e1e8168\" class=\"elementor-field-label\">\n\t\t\t\t\t\t\t\tZa\u0142\u0105cz projekt\t\t\t\t\t\t\t<\/label>\n\t\t\t\t\t\t\t\t<input type=\"file\" name=\"form_fields[field_e1e8168][]\" id=\"form-field-field_e1e8168\" class=\"elementor-field elementor-size-sm  elementor-upload-field\" multiple=\"multiple\">\n\n\t\t\t\t\t\t<\/div>\n\t\t\t\t\t\t\t\t<div class=\"elementor-field-type-acceptance elementor-field-group elementor-column elementor-field-group-field_234fe44 elementor-col-100 elementor-field-required elementor-mark-required\">\n\t\t\t\t\t\t\t<div class=\"elementor-field-subgroup\">\n\t\t\t<span class=\"elementor-field-option\">\n\t\t\t\t<input type=\"checkbox\" name=\"form_fields[field_234fe44]\" id=\"form-field-field_234fe44\" class=\"elementor-field elementor-size-sm  elementor-acceptance-field\" required=\"required\">\n\t\t\t\t<label for=\"form-field-field_234fe44\">Akceptuj\u0119 warunki, zapozna\u0142em si\u0119 z <a href='\/polityka-prywatnosci'>polityk\u0105 prywatno\u015bci<\/a>. *<\/label>\t\t\t<\/span>\n\t\t<\/div>\n\t\t\t\t\t\t<\/div>\n\t\t\t\t\t\t\t\t<div class=\"elementor-field-group elementor-column elementor-field-type-submit elementor-col-100 e-form__buttons\">\n\t\t\t\t\t<button class=\"elementor-button elementor-size-sm\" type=\"submit\">\n\t\t\t\t\t\t<span class=\"elementor-button-content-wrapper\">\n\t\t\t\t\t\t\t\t\t\t\t\t\t\t\t\t\t\t\t\t\t\t<span class=\"elementor-button-text\">Wy\u015blij<\/span>\n\t\t\t\t\t\t\t\t\t\t\t\t\t<\/span>\n\t\t\t\t\t<\/button>\n\t\t\t\t<\/div>\n\t\t\t<\/div>\n\t\t<\/form>\n\t\t\t\t\t\t<\/div>\n\t\t\t\t<\/div>\n\t\t\t\t\t<\/div>\n\t\t\t\t<\/div>\n\t\t\t\t<\/div>\n\t\t","protected":false},"excerpt":{"rendered":"<p>Kontakt Wydzia\u0142 Produkcji Odlew\u00f3w Ci\u015bnieniowych ul. Targowa 15a, 43-520 Chybie Odlewnia Metali Kolorowych Kowala Sp.J. NIP 548-005-67-98 Wydzia\u0142 Produkcji Odlew\u00f3w Piaskowych ul. Daszy\u0144skiego 70a, 43-450 Ustro\u0144 Odlewnia KOWALA Arkadiusz Kowala, Bogus\u0142awa Kowala, Anna Chwastek S.C.NIP 548-248-12-93 Oferty wsp\u00f3\u0142pracy E-mail: biuro@odlewnia-kowala.com.pl Zapytania ofertowe Telefon: +48 33 856 19 96 E-mail: marketing@odlewnia-kowala.com.pl Formularz<\/p>","protected":false},"author":1,"featured_media":30,"parent":0,"menu_order":0,"comment_status":"closed","ping_status":"closed","template":"","meta":{"_acf_changed":false,"footnotes":""},"class_list":["post-718","page","type-page","status-publish","has-post-thumbnail","hentry"],"acf":[],"yoast_head":"<!-- This site is optimized with the Yoast SEO Premium plugin v25.7.1 (Yoast SEO v25.7) - https:\/\/yoast.com\/wordpress\/plugins\/seo\/ -->\n<title>Kontakt | Odlewnia Kowala<\/title>\n<meta name=\"description\" content=\"Skontaktuj si\u0119 z Odlewni\u0105 Kowala. Ustro\u0144 \u2013 odlewy piaskowe, Chybie \u2013 odlewy ci\u015bnieniowe i CNC. Formularz, telefon i dane adresowe.\" \/>\n<meta name=\"robots\" content=\"index, follow, max-snippet:-1, max-image-preview:large, max-video-preview:-1\" \/>\n<link rel=\"canonical\" href=\"https:\/\/odlewnia-kowala.com.pl\/en\/kontakt\/\" \/>\n<meta property=\"og:locale\" content=\"en_US\" \/>\n<meta property=\"og:type\" content=\"article\" \/>\n<meta property=\"og:title\" content=\"Kontakt\" \/>\n<meta property=\"og:description\" content=\"Skontaktuj si\u0119 z Odlewni\u0105 Kowala. Ustro\u0144 \u2013 odlewy piaskowe, Chybie \u2013 odlewy ci\u015bnieniowe i CNC. Formularz, telefon i dane adresowe.\" \/>\n<meta property=\"og:url\" content=\"https:\/\/odlewnia-kowala.com.pl\/en\/kontakt\/\" \/>\n<meta property=\"og:site_name\" content=\"Odlewnia Metali Kolorowych Kowala\" \/>\n<meta property=\"article:publisher\" content=\"https:\/\/www.facebook.com\/profile.php?id=100093904969323\" \/>\n<meta property=\"article:modified_time\" content=\"2026-02-09T12:07:03+00:00\" \/>\n<meta property=\"og:image\" content=\"https:\/\/odlewnia-kowala.com.pl\/wp-content\/uploads\/2025\/09\/favicon.png\" \/>\n\t<meta property=\"og:image:width\" content=\"512\" \/>\n\t<meta property=\"og:image:height\" content=\"512\" \/>\n\t<meta property=\"og:image:type\" content=\"image\/png\" \/>\n<meta name=\"twitter:card\" content=\"summary_large_image\" \/>\n<meta name=\"twitter:label1\" content=\"Est. reading time\" \/>\n\t<meta name=\"twitter:data1\" content=\"1 minute\" \/>\n<script type=\"application\/ld+json\" class=\"yoast-schema-graph\">{\"@context\":\"https:\/\/schema.org\",\"@graph\":[{\"@type\":\"WebPage\",\"@id\":\"https:\/\/odlewnia-kowala.com.pl\/kontakt\/\",\"url\":\"https:\/\/odlewnia-kowala.com.pl\/kontakt\/\",\"name\":\"Kontakt | Odlewnia Kowala\",\"isPartOf\":{\"@id\":\"https:\/\/odlewnia-kowala.com.pl\/#website\"},\"primaryImageOfPage\":{\"@id\":\"https:\/\/odlewnia-kowala.com.pl\/kontakt\/#primaryimage\"},\"image\":{\"@id\":\"https:\/\/odlewnia-kowala.com.pl\/kontakt\/#primaryimage\"},\"thumbnailUrl\":\"https:\/\/odlewnia-kowala.com.pl\/wp-content\/uploads\/2025\/09\/favicon.png\",\"datePublished\":\"2025-09-26T08:41:55+00:00\",\"dateModified\":\"2026-02-09T12:07:03+00:00\",\"description\":\"Skontaktuj si\u0119 z Odlewni\u0105 Kowala. Ustro\u0144 \u2013 odlewy piaskowe, Chybie \u2013 odlewy ci\u015bnieniowe i CNC. Formularz, telefon i dane adresowe.\",\"breadcrumb\":{\"@id\":\"https:\/\/odlewnia-kowala.com.pl\/kontakt\/#breadcrumb\"},\"inLanguage\":\"en-US\",\"potentialAction\":[{\"@type\":\"ReadAction\",\"target\":[\"https:\/\/odlewnia-kowala.com.pl\/kontakt\/\"]}]},{\"@type\":\"ImageObject\",\"inLanguage\":\"en-US\",\"@id\":\"https:\/\/odlewnia-kowala.com.pl\/kontakt\/#primaryimage\",\"url\":\"https:\/\/odlewnia-kowala.com.pl\/wp-content\/uploads\/2025\/09\/favicon.png\",\"contentUrl\":\"https:\/\/odlewnia-kowala.com.pl\/wp-content\/uploads\/2025\/09\/favicon.png\",\"width\":512,\"height\":512},{\"@type\":\"BreadcrumbList\",\"@id\":\"https:\/\/odlewnia-kowala.com.pl\/kontakt\/#breadcrumb\",\"itemListElement\":[{\"@type\":\"ListItem\",\"position\":1,\"name\":\"Home\",\"item\":\"https:\/\/odlewnia-kowala.com.pl\/\"},{\"@type\":\"ListItem\",\"position\":2,\"name\":\"Kontakt\"}]},{\"@type\":\"WebSite\",\"@id\":\"https:\/\/odlewnia-kowala.com.pl\/#website\",\"url\":\"https:\/\/odlewnia-kowala.com.pl\/\",\"name\":\"Odlewnia Metali Kolorowych Kowala\",\"description\":\"Odlewy aluminiowe i metali kolorowych \u2013 ci\u015bnieniowe, piaskowe, CNC \u2013 Odlewnia Kowala\",\"potentialAction\":[{\"@type\":\"SearchAction\",\"target\":{\"@type\":\"EntryPoint\",\"urlTemplate\":\"https:\/\/odlewnia-kowala.com.pl\/?s={search_term_string}\"},\"query-input\":{\"@type\":\"PropertyValueSpecification\",\"valueRequired\":true,\"valueName\":\"search_term_string\"}}],\"inLanguage\":\"en-US\"}]}<\/script>\n<!-- \/ Yoast SEO Premium plugin. -->","yoast_head_json":{"title":"Kontakt | Odlewnia Kowala","description":"Skontaktuj si\u0119 z Odlewni\u0105 Kowala. Ustro\u0144 \u2013 odlewy piaskowe, Chybie \u2013 odlewy ci\u015bnieniowe i CNC. Formularz, telefon i dane adresowe.","robots":{"index":"index","follow":"follow","max-snippet":"max-snippet:-1","max-image-preview":"max-image-preview:large","max-video-preview":"max-video-preview:-1"},"canonical":"https:\/\/odlewnia-kowala.com.pl\/en\/kontakt\/","og_locale":"en_US","og_type":"article","og_title":"Kontakt","og_description":"Skontaktuj si\u0119 z Odlewni\u0105 Kowala. Ustro\u0144 \u2013 odlewy piaskowe, Chybie \u2013 odlewy ci\u015bnieniowe i CNC. Formularz, telefon i dane adresowe.","og_url":"https:\/\/odlewnia-kowala.com.pl\/en\/kontakt\/","og_site_name":"Odlewnia Metali Kolorowych Kowala","article_publisher":"https:\/\/www.facebook.com\/profile.php?id=100093904969323","article_modified_time":"2026-02-09T12:07:03+00:00","og_image":[{"width":512,"height":512,"url":"https:\/\/odlewnia-kowala.com.pl\/wp-content\/uploads\/2025\/09\/favicon.png","type":"image\/png"}],"twitter_card":"summary_large_image","twitter_misc":{"Est. reading time":"1 minute"},"schema":{"@context":"https:\/\/schema.org","@graph":[{"@type":"WebPage","@id":"https:\/\/odlewnia-kowala.com.pl\/kontakt\/","url":"https:\/\/odlewnia-kowala.com.pl\/kontakt\/","name":"Kontakt | Odlewnia Kowala","isPartOf":{"@id":"https:\/\/odlewnia-kowala.com.pl\/#website"},"primaryImageOfPage":{"@id":"https:\/\/odlewnia-kowala.com.pl\/kontakt\/#primaryimage"},"image":{"@id":"https:\/\/odlewnia-kowala.com.pl\/kontakt\/#primaryimage"},"thumbnailUrl":"https:\/\/odlewnia-kowala.com.pl\/wp-content\/uploads\/2025\/09\/favicon.png","datePublished":"2025-09-26T08:41:55+00:00","dateModified":"2026-02-09T12:07:03+00:00","description":"Skontaktuj si\u0119 z Odlewni\u0105 Kowala. Ustro\u0144 \u2013 odlewy piaskowe, Chybie \u2013 odlewy ci\u015bnieniowe i CNC. Formularz, telefon i dane adresowe.","breadcrumb":{"@id":"https:\/\/odlewnia-kowala.com.pl\/kontakt\/#breadcrumb"},"inLanguage":"en-US","potentialAction":[{"@type":"ReadAction","target":["https:\/\/odlewnia-kowala.com.pl\/kontakt\/"]}]},{"@type":"ImageObject","inLanguage":"en-US","@id":"https:\/\/odlewnia-kowala.com.pl\/kontakt\/#primaryimage","url":"https:\/\/odlewnia-kowala.com.pl\/wp-content\/uploads\/2025\/09\/favicon.png","contentUrl":"https:\/\/odlewnia-kowala.com.pl\/wp-content\/uploads\/2025\/09\/favicon.png","width":512,"height":512},{"@type":"BreadcrumbList","@id":"https:\/\/odlewnia-kowala.com.pl\/kontakt\/#breadcrumb","itemListElement":[{"@type":"ListItem","position":1,"name":"Home","item":"https:\/\/odlewnia-kowala.com.pl\/"},{"@type":"ListItem","position":2,"name":"Kontakt"}]},{"@type":"WebSite","@id":"https:\/\/odlewnia-kowala.com.pl\/#website","url":"https:\/\/odlewnia-kowala.com.pl\/","name":"Odlewnia Metali Kolorowych Kowala","description":"Odlewy aluminiowe i metali kolorowych \u2013 ci\u015bnieniowe, piaskowe, CNC \u2013 Odlewnia Kowala","potentialAction":[{"@type":"SearchAction","target":{"@type":"EntryPoint","urlTemplate":"https:\/\/odlewnia-kowala.com.pl\/?s={search_term_string}"},"query-input":{"@type":"PropertyValueSpecification","valueRequired":true,"valueName":"search_term_string"}}],"inLanguage":"en-US"}]}},"_links":{"self":[{"href":"https:\/\/odlewnia-kowala.com.pl\/en\/wp-json\/wp\/v2\/pages\/718","targetHints":{"allow":["GET"]}}],"collection":[{"href":"https:\/\/odlewnia-kowala.com.pl\/en\/wp-json\/wp\/v2\/pages"}],"about":[{"href":"https:\/\/odlewnia-kowala.com.pl\/en\/wp-json\/wp\/v2\/types\/page"}],"author":[{"embeddable":true,"href":"https:\/\/odlewnia-kowala.com.pl\/en\/wp-json\/wp\/v2\/users\/1"}],"replies":[{"embeddable":true,"href":"https:\/\/odlewnia-kowala.com.pl\/en\/wp-json\/wp\/v2\/comments?post=718"}],"version-history":[{"count":112,"href":"https:\/\/odlewnia-kowala.com.pl\/en\/wp-json\/wp\/v2\/pages\/718\/revisions"}],"predecessor-version":[{"id":1961,"href":"https:\/\/odlewnia-kowala.com.pl\/en\/wp-json\/wp\/v2\/pages\/718\/revisions\/1961"}],"wp:featuredmedia":[{"embeddable":true,"href":"https:\/\/odlewnia-kowala.com.pl\/en\/wp-json\/wp\/v2\/media\/30"}],"wp:attachment":[{"href":"https:\/\/odlewnia-kowala.com.pl\/en\/wp-json\/wp\/v2\/media?parent=718"}],"curies":[{"name":"wp","href":"https:\/\/api.w.org\/{rel}","templated":true}]}}