{"id":420,"date":"2025-09-22T23:39:43","date_gmt":"2025-09-22T21:39:43","guid":{"rendered":"https:\/\/odlewnia.bartoszdanko.pl\/?page_id=420"},"modified":"2025-11-05T22:52:20","modified_gmt":"2025-11-05T21:52:20","slug":"poczatki-dzialalnosci","status":"publish","type":"page","link":"https:\/\/odlewnia-kowala.com.pl\/en\/historia\/poczatki-dzialalnosci\/","title":{"rendered":"Our Beginnings"},"content":{"rendered":"\t\t<div data-elementor-type=\"wp-page\" data-elementor-id=\"420\" class=\"elementor elementor-420\" data-elementor-post-type=\"page\">\n\t\t\t\t<div class=\"elementor-element elementor-element-af767d2 e-flex e-con-boxed e-con e-parent\" data-id=\"af767d2\" data-element_type=\"container\">\n\t\t\t\t\t<div class=\"e-con-inner\">\n\t\t<div class=\"elementor-element elementor-element-72d3bc6 e-con-full elementor-hidden-mobile_extra elementor-hidden-mobile e-flex e-con e-child\" data-id=\"72d3bc6\" data-element_type=\"container\">\n\t\t<div class=\"elementor-element elementor-element-9b31fee e-con-full e-flex e-con e-child\" data-id=\"9b31fee\" data-element_type=\"container\" data-settings=\"{&quot;sticky&quot;:&quot;top&quot;,&quot;sticky_offset&quot;:150,&quot;sticky_parent&quot;:&quot;yes&quot;,&quot;sticky_on&quot;:[&quot;widescreen&quot;,&quot;desktop&quot;,&quot;laptop&quot;,&quot;tablet_extra&quot;,&quot;tablet&quot;,&quot;mobile_extra&quot;,&quot;mobile&quot;],&quot;sticky_effects_offset&quot;:0,&quot;sticky_anchor_link_offset&quot;:0}\">\n\t\t<div class=\"elementor-element elementor-element-e0baf6d e-con-full e-flex e-con e-child\" data-id=\"e0baf6d\" data-element_type=\"container\">\n\t\t\t\t<div class=\"elementor-element elementor-element-c6b23f1 elementor-widget elementor-widget-heading\" data-id=\"c6b23f1\" data-element_type=\"widget\" data-widget_type=\"heading.default\">\n\t\t\t\t\t<span class=\"elementor-heading-title elementor-size-default\">Odlewnia Kowala<\/span>\t\t\t\t<\/div>\n\t\t\t\t<\/div>\n\t\t\t\t<div class=\"elementor-element elementor-element-8e779d6 elementor-nav-menu__align-start elementor-nav-menu--dropdown-none elementor-widget elementor-widget-nav-menu\" data-id=\"8e779d6\" data-element_type=\"widget\" data-settings=\"{&quot;layout&quot;:&quot;vertical&quot;,&quot;submenu_icon&quot;:{&quot;value&quot;:&quot;&lt;svg class=\\&quot;e-font-icon-svg e-fas-caret-down\\&quot; viewBox=\\&quot;0 0 320 512\\&quot; xmlns=\\&quot;http:\\\/\\\/www.w3.org\\\/2000\\\/svg\\&quot;&gt;&lt;path d=\\&quot;M31.3 192h257.3c17.8 0 26.7 21.5 14.1 34.1L174.1 354.8c-7.8 7.8-20.5 7.8-28.3 0L17.2 226.1C4.6 213.5 13.5 192 31.3 192z\\&quot;&gt;&lt;\\\/path&gt;&lt;\\\/svg&gt;&quot;,&quot;library&quot;:&quot;fa-solid&quot;}}\" data-widget_type=\"nav-menu.default\">\n\t\t\t\t\t\t\t\t<nav aria-label=\"Menu\" class=\"elementor-nav-menu--main elementor-nav-menu__container elementor-nav-menu--layout-vertical e--pointer-none\">\n\t\t\t\t<ul id=\"menu-1-8e779d6\" class=\"elementor-nav-menu sm-vertical\"><li class=\"menu-item menu-item-type-post_type menu-item-object-page menu-item-433\"><a href=\"https:\/\/odlewnia-kowala.com.pl\/en\/historia\/poczatki-dzialalnosci\/\" class=\"elementor-item\">Pocz\u0105tki dzia\u0142alno\u015bci<\/a><\/li>\n<li class=\"menu-item menu-item-type-post_type menu-item-object-page menu-item-506\"><a href=\"https:\/\/odlewnia-kowala.com.pl\/en\/historia\/nasza-tradycja-i-wartosci\/\" class=\"elementor-item\">Nasza tradycja i warto\u015bci<\/a><\/li>\n<li class=\"menu-item menu-item-type-post_type menu-item-object-page menu-item-530\"><a href=\"https:\/\/odlewnia-kowala.com.pl\/en\/historia\/rozwoj-i-modernizacja\/\" class=\"elementor-item\">Rozw\u00f3j i modernizacja<\/a><\/li>\n<li class=\"menu-item menu-item-type-post_type menu-item-object-page menu-item-531\"><a href=\"https:\/\/odlewnia-kowala.com.pl\/en\/historia\/odlewnia-dzis-i-jutro\/\" class=\"elementor-item\">Odlewnia dzi\u015b i jutro<\/a><\/li>\n<\/ul>\t\t\t<\/nav>\n\t\t\t\t\t\t<nav class=\"elementor-nav-menu--dropdown elementor-nav-menu__container\" aria-hidden=\"true\">\n\t\t\t\t<ul id=\"menu-2-8e779d6\" class=\"elementor-nav-menu sm-vertical\"><li class=\"menu-item menu-item-type-post_type menu-item-object-page menu-item-433\"><a href=\"https:\/\/odlewnia-kowala.com.pl\/en\/historia\/poczatki-dzialalnosci\/\" class=\"elementor-item\" tabindex=\"-1\">Pocz\u0105tki dzia\u0142alno\u015bci<\/a><\/li>\n<li class=\"menu-item menu-item-type-post_type menu-item-object-page menu-item-506\"><a href=\"https:\/\/odlewnia-kowala.com.pl\/en\/historia\/nasza-tradycja-i-wartosci\/\" class=\"elementor-item\" tabindex=\"-1\">Nasza tradycja i warto\u015bci<\/a><\/li>\n<li class=\"menu-item menu-item-type-post_type menu-item-object-page menu-item-530\"><a href=\"https:\/\/odlewnia-kowala.com.pl\/en\/historia\/rozwoj-i-modernizacja\/\" class=\"elementor-item\" tabindex=\"-1\">Rozw\u00f3j i modernizacja<\/a><\/li>\n<li class=\"menu-item menu-item-type-post_type menu-item-object-page menu-item-531\"><a href=\"https:\/\/odlewnia-kowala.com.pl\/en\/historia\/odlewnia-dzis-i-jutro\/\" class=\"elementor-item\" tabindex=\"-1\">Odlewnia dzi\u015b i jutro<\/a><\/li>\n<\/ul>\t\t\t<\/nav>\n\t\t\t\t\t\t<\/div>\n\t\t\t\t<\/div>\n\t\t\t\t<\/div>\n\t\t<div class=\"elementor-element elementor-element-65eeffd e-con-full e-flex e-con e-child\" data-id=\"65eeffd\" data-element_type=\"container\">\n\t\t<div class=\"elementor-element elementor-element-3bcf8f4 e-con-full e-flex e-con e-child\" data-id=\"3bcf8f4\" data-element_type=\"container\">\n\t\t\t\t<div class=\"elementor-element elementor-element-4539de4 elementor-widget elementor-widget-heading\" data-id=\"4539de4\" data-element_type=\"widget\" data-widget_type=\"heading.default\">\n\t\t\t\t\t<h1 class=\"elementor-heading-title elementor-size-default\">Pocz\u0105tki dzia\u0142alno\u015bci<\/h1>\t\t\t\t<\/div>\n\t\t\t\t<div class=\"elementor-element elementor-element-4478347 elementor-widget elementor-widget-text-editor\" data-id=\"4478347\" data-element_type=\"widget\" data-widget_type=\"text-editor.default\">\n\t\t\t\t\t\t\t\t\t<p class=\"p1\"><span class=\"s1\">Odlewnia \u201eKowala\u201d zosta\u0142a za\u0142o\u017cona <b>w 1986 roku<\/b> przez Erwina Kowal\u0119. Pierwszy zak\u0142ad mie\u015bci\u0142 si\u0119 przy ul. Daszy\u0144skiego 70a w Ustroniu (dawniej ul. 22 lipca). Z pocz\u0105tku dzia\u0142alno\u015b\u0107 skoncentrowana by\u0142a na odlewach piaskowych, czyli tradycyjnej technologii, kt\u00f3ra pozwala na odlewanie r\u00f3\u017cnorodnych kszta\u0142t\u00f3w z metali kolorowych.<\/span><\/p>\t\t\t\t\t\t\t\t<\/div>\n\t\t\t\t<\/div>\n\t\t\t\t<div class=\"elementor-element elementor-element-c55a478 elementor-widget elementor-widget-image\" data-id=\"c55a478\" data-element_type=\"widget\" data-widget_type=\"image.default\">\n\t\t\t\t\t\t\t\t\t\t\t\t\t\t\t<img decoding=\"async\" src=\"https:\/\/odlewnia-kowala.com.pl\/wp-content\/uploads\/2025\/10\/Group-33.webp\" title=\"Group 33\" alt=\"Group 33\" loading=\"lazy\" \/>\t\t\t\t\t\t\t\t\t\t\t\t\t\t\t<\/div>\n\t\t\t\t<\/div>\n\t\t\t\t\t<\/div>\n\t\t\t\t<\/div>\n\t\t<div class=\"elementor-element elementor-element-610fbf5 e-con-full e-flex e-con e-child\" data-id=\"610fbf5\" data-element_type=\"container\">\n\t\t<div class=\"elementor-element elementor-element-ee12d70 e-flex e-con-boxed e-con e-child\" data-id=\"ee12d70\" data-element_type=\"container\">\n\t\t\t\t\t<div class=\"e-con-inner\">\n\t\t<div class=\"elementor-element elementor-element-74cb93f e-con-full e-flex e-con e-child\" data-id=\"74cb93f\" data-element_type=\"container\">\n\t\t\t\t<div class=\"elementor-element elementor-element-8f62e02 elementor-widget elementor-widget-heading\" data-id=\"8f62e02\" data-element_type=\"widget\" data-widget_type=\"heading.default\">\n\t\t\t\t\t<h2 class=\"elementor-heading-title elementor-size-default\">Rozw\u00f3j i pocz\u0105tki rodzinnej tradycji<\/h2>\t\t\t\t<\/div>\n\t\t\t\t<div class=\"elementor-element elementor-element-4596cd7 elementor-widget elementor-widget-text-editor\" data-id=\"4596cd7\" data-element_type=\"widget\" data-widget_type=\"text-editor.default\">\n\t\t\t\t\t\t\t\t\t<p data-start=\"82\" data-end=\"295\">W 1998 roku firma podj\u0119\u0142a decyzj\u0119 o rozszerzeniu dzia\u0142alno\u015bci i zakupi\u0142a dzia\u0142k\u0119 w Chybiu, gdzie rozpocz\u0119to budow\u0119 drugiego zak\u0142adu produkcyjnego. To w\u0142a\u015bnie tam uruchomiono produkcj\u0119 odlew\u00f3w metod\u0105 ci\u015bnieniow\u0105.<\/p><p data-start=\"297\" data-end=\"681\">Ju\u017c na wczesnym etapie rozwoju przedsi\u0119biorstwo budowa\u0142o sw\u00f3j wizerunek jako firmy rodzinnej \u2013 o silnych tradycjach rzemie\u015blniczych, ale tak\u017ce z ambicj\u0105 d\u0105\u017cenia do najwy\u017cszej jako\u015bci i ci\u0105g\u0142ego rozwoju. Od pocz\u0105tku kolejne pokolenia k\u0142ad\u0142y nacisk na doskonalenie procesu produkcji \u2013 od formy po gotowy odlew \u2013 oraz na przestrzeganie coraz bardziej rygorystycznych norm jako\u015bciowych.<\/p>\t\t\t\t\t\t\t\t<\/div>\n\t\t\t\t<\/div>\n\t\t<div class=\"elementor-element elementor-element-f720f47 e-con-full e-flex e-con e-child\" data-id=\"f720f47\" data-element_type=\"container\">\n\t\t\t\t<div class=\"elementor-element elementor-element-6848d9b elementor-widget elementor-widget-image\" data-id=\"6848d9b\" data-element_type=\"widget\" data-widget_type=\"image.default\">\n\t\t\t\t\t\t\t\t\t\t\t\t\t\t\t<img fetchpriority=\"high\" decoding=\"async\" width=\"690\" height=\"461\" src=\"https:\/\/odlewnia-kowala.com.pl\/wp-content\/uploads\/2025\/10\/14-1.webp\" class=\"attachment-large size-large wp-image-1339\" alt=\"\" srcset=\"https:\/\/odlewnia-kowala.com.pl\/wp-content\/uploads\/2025\/10\/14-1.webp 690w, https:\/\/odlewnia-kowala.com.pl\/wp-content\/uploads\/2025\/10\/14-1-300x200.webp 300w\" sizes=\"(max-width: 690px) 100vw, 690px\" \/>\t\t\t\t\t\t\t\t\t\t\t\t\t\t\t<\/div>\n\t\t\t\t<\/div>\n\t\t\t\t\t<\/div>\n\t\t\t\t<\/div>\n\t\t\t\t<\/div>\n\t\t\t\t<\/div>\n\t\t","protected":false},"excerpt":{"rendered":"<p>Odlewnia Kowala Pocz\u0105tki dzia\u0142alno\u015bci Odlewnia \u201eKowala\u201d zosta\u0142a za\u0142o\u017cona w 1986 roku przez Erwina Kowal\u0119. Pierwszy zak\u0142ad mie\u015bci\u0142 si\u0119 przy ul. Daszy\u0144skiego 70a w Ustroniu (dawniej ul. 22 lipca). Z pocz\u0105tku dzia\u0142alno\u015b\u0107 skoncentrowana by\u0142a na odlewach piaskowych, czyli tradycyjnej technologii, kt\u00f3ra pozwala na odlewanie r\u00f3\u017cnorodnych kszta\u0142t\u00f3w z metali kolorowych. Rozw\u00f3j i pocz\u0105tki rodzinnej tradycji W 1998 [&hellip;]<\/p>\n","protected":false},"author":1,"featured_media":30,"parent":673,"menu_order":0,"comment_status":"closed","ping_status":"closed","template":"","meta":{"_acf_changed":false,"footnotes":""},"class_list":["post-420","page","type-page","status-publish","has-post-thumbnail","hentry"],"acf":[],"yoast_head":"<!-- This site is optimized with the Yoast SEO Premium plugin v25.7.1 (Yoast SEO v25.7) - https:\/\/yoast.com\/wordpress\/plugins\/seo\/ -->\n<title>Pocz\u0105tki dzia\u0142alno\u015bci | Historia Odlewni Kowala<\/title>\n<meta name=\"description\" content=\"Poznaj pocz\u0105tki Odlewni Kowala \u2013 od pierwszych odlew\u00f3w aluminium i br\u0105zu po budow\u0119 pozycji na rynku krajowym i zagranicznym.\" \/>\n<meta name=\"robots\" content=\"index, follow, max-snippet:-1, max-image-preview:large, max-video-preview:-1\" \/>\n<link rel=\"canonical\" href=\"https:\/\/odlewnia-kowala.com.pl\/en\/historia\/poczatki-dzialalnosci\/\" \/>\n<meta property=\"og:locale\" content=\"en_US\" \/>\n<meta property=\"og:type\" content=\"article\" \/>\n<meta property=\"og:title\" content=\"Pocz\u0105tki dzia\u0142alno\u015bci\" \/>\n<meta property=\"og:description\" content=\"Poznaj pocz\u0105tki Odlewni Kowala \u2013 od pierwszych odlew\u00f3w aluminium i br\u0105zu po budow\u0119 pozycji na rynku krajowym i zagranicznym.\" \/>\n<meta property=\"og:url\" content=\"https:\/\/odlewnia-kowala.com.pl\/en\/historia\/poczatki-dzialalnosci\/\" \/>\n<meta property=\"og:site_name\" content=\"Odlewnia Metali Kolorowych Kowala\" \/>\n<meta property=\"article:publisher\" content=\"https:\/\/www.facebook.com\/profile.php?id=100093904969323\" \/>\n<meta property=\"article:modified_time\" content=\"2025-11-05T21:52:20+00:00\" \/>\n<meta property=\"og:image\" content=\"https:\/\/odlewnia-kowala.com.pl\/wp-content\/uploads\/2025\/09\/favicon.png\" \/>\n\t<meta property=\"og:image:width\" content=\"512\" \/>\n\t<meta property=\"og:image:height\" content=\"512\" \/>\n\t<meta property=\"og:image:type\" content=\"image\/png\" \/>\n<meta name=\"twitter:card\" content=\"summary_large_image\" \/>\n<meta name=\"twitter:label1\" content=\"Est. reading time\" \/>\n\t<meta name=\"twitter:data1\" content=\"2 minutes\" \/>\n<script type=\"application\/ld+json\" class=\"yoast-schema-graph\">{\"@context\":\"https:\/\/schema.org\",\"@graph\":[{\"@type\":\"WebPage\",\"@id\":\"https:\/\/odlewnia-kowala.com.pl\/historia\/poczatki-dzialalnosci\/\",\"url\":\"https:\/\/odlewnia-kowala.com.pl\/historia\/poczatki-dzialalnosci\/\",\"name\":\"Pocz\u0105tki dzia\u0142alno\u015bci | Historia Odlewni Kowala\",\"isPartOf\":{\"@id\":\"https:\/\/odlewnia-kowala.com.pl\/#website\"},\"primaryImageOfPage\":{\"@id\":\"https:\/\/odlewnia-kowala.com.pl\/historia\/poczatki-dzialalnosci\/#primaryimage\"},\"image\":{\"@id\":\"https:\/\/odlewnia-kowala.com.pl\/historia\/poczatki-dzialalnosci\/#primaryimage\"},\"thumbnailUrl\":\"https:\/\/odlewnia-kowala.com.pl\/wp-content\/uploads\/2025\/09\/favicon.png\",\"datePublished\":\"2025-09-22T21:39:43+00:00\",\"dateModified\":\"2025-11-05T21:52:20+00:00\",\"description\":\"Poznaj pocz\u0105tki Odlewni Kowala \u2013 od pierwszych odlew\u00f3w aluminium i br\u0105zu po budow\u0119 pozycji na rynku krajowym i zagranicznym.\",\"breadcrumb\":{\"@id\":\"https:\/\/odlewnia-kowala.com.pl\/historia\/poczatki-dzialalnosci\/#breadcrumb\"},\"inLanguage\":\"en-US\",\"potentialAction\":[{\"@type\":\"ReadAction\",\"target\":[\"https:\/\/odlewnia-kowala.com.pl\/historia\/poczatki-dzialalnosci\/\"]}]},{\"@type\":\"ImageObject\",\"inLanguage\":\"en-US\",\"@id\":\"https:\/\/odlewnia-kowala.com.pl\/historia\/poczatki-dzialalnosci\/#primaryimage\",\"url\":\"https:\/\/odlewnia-kowala.com.pl\/wp-content\/uploads\/2025\/09\/favicon.png\",\"contentUrl\":\"https:\/\/odlewnia-kowala.com.pl\/wp-content\/uploads\/2025\/09\/favicon.png\",\"width\":512,\"height\":512},{\"@type\":\"BreadcrumbList\",\"@id\":\"https:\/\/odlewnia-kowala.com.pl\/historia\/poczatki-dzialalnosci\/#breadcrumb\",\"itemListElement\":[{\"@type\":\"ListItem\",\"position\":1,\"name\":\"Home\",\"item\":\"https:\/\/odlewnia-kowala.com.pl\/\"},{\"@type\":\"ListItem\",\"position\":2,\"name\":\"Historia\",\"item\":\"https:\/\/odlewnia-kowala.com.pl\/historia\/\"},{\"@type\":\"ListItem\",\"position\":3,\"name\":\"Pocz\u0105tki dzia\u0142alno\u015bci\"}]},{\"@type\":\"WebSite\",\"@id\":\"https:\/\/odlewnia-kowala.com.pl\/#website\",\"url\":\"https:\/\/odlewnia-kowala.com.pl\/\",\"name\":\"Odlewnia Metali Kolorowych Kowala\",\"description\":\"Odlewy aluminiowe i metali kolorowych \u2013 ci\u015bnieniowe, piaskowe, CNC \u2013 Odlewnia Kowala\",\"potentialAction\":[{\"@type\":\"SearchAction\",\"target\":{\"@type\":\"EntryPoint\",\"urlTemplate\":\"https:\/\/odlewnia-kowala.com.pl\/?s={search_term_string}\"},\"query-input\":{\"@type\":\"PropertyValueSpecification\",\"valueRequired\":true,\"valueName\":\"search_term_string\"}}],\"inLanguage\":\"en-US\"}]}<\/script>\n<!-- \/ Yoast SEO Premium plugin. -->","yoast_head_json":{"title":"Pocz\u0105tki dzia\u0142alno\u015bci | Historia Odlewni Kowala","description":"Poznaj pocz\u0105tki Odlewni Kowala \u2013 od pierwszych odlew\u00f3w aluminium i br\u0105zu po budow\u0119 pozycji na rynku krajowym i zagranicznym.","robots":{"index":"index","follow":"follow","max-snippet":"max-snippet:-1","max-image-preview":"max-image-preview:large","max-video-preview":"max-video-preview:-1"},"canonical":"https:\/\/odlewnia-kowala.com.pl\/en\/historia\/poczatki-dzialalnosci\/","og_locale":"en_US","og_type":"article","og_title":"Pocz\u0105tki dzia\u0142alno\u015bci","og_description":"Poznaj pocz\u0105tki Odlewni Kowala \u2013 od pierwszych odlew\u00f3w aluminium i br\u0105zu po budow\u0119 pozycji na rynku krajowym i zagranicznym.","og_url":"https:\/\/odlewnia-kowala.com.pl\/en\/historia\/poczatki-dzialalnosci\/","og_site_name":"Odlewnia Metali Kolorowych Kowala","article_publisher":"https:\/\/www.facebook.com\/profile.php?id=100093904969323","article_modified_time":"2025-11-05T21:52:20+00:00","og_image":[{"width":512,"height":512,"url":"https:\/\/odlewnia-kowala.com.pl\/wp-content\/uploads\/2025\/09\/favicon.png","type":"image\/png"}],"twitter_card":"summary_large_image","twitter_misc":{"Est. reading time":"2 minutes"},"schema":{"@context":"https:\/\/schema.org","@graph":[{"@type":"WebPage","@id":"https:\/\/odlewnia-kowala.com.pl\/historia\/poczatki-dzialalnosci\/","url":"https:\/\/odlewnia-kowala.com.pl\/historia\/poczatki-dzialalnosci\/","name":"Pocz\u0105tki dzia\u0142alno\u015bci | Historia Odlewni Kowala","isPartOf":{"@id":"https:\/\/odlewnia-kowala.com.pl\/#website"},"primaryImageOfPage":{"@id":"https:\/\/odlewnia-kowala.com.pl\/historia\/poczatki-dzialalnosci\/#primaryimage"},"image":{"@id":"https:\/\/odlewnia-kowala.com.pl\/historia\/poczatki-dzialalnosci\/#primaryimage"},"thumbnailUrl":"https:\/\/odlewnia-kowala.com.pl\/wp-content\/uploads\/2025\/09\/favicon.png","datePublished":"2025-09-22T21:39:43+00:00","dateModified":"2025-11-05T21:52:20+00:00","description":"Poznaj pocz\u0105tki Odlewni Kowala \u2013 od pierwszych odlew\u00f3w aluminium i br\u0105zu po budow\u0119 pozycji na rynku krajowym i zagranicznym.","breadcrumb":{"@id":"https:\/\/odlewnia-kowala.com.pl\/historia\/poczatki-dzialalnosci\/#breadcrumb"},"inLanguage":"en-US","potentialAction":[{"@type":"ReadAction","target":["https:\/\/odlewnia-kowala.com.pl\/historia\/poczatki-dzialalnosci\/"]}]},{"@type":"ImageObject","inLanguage":"en-US","@id":"https:\/\/odlewnia-kowala.com.pl\/historia\/poczatki-dzialalnosci\/#primaryimage","url":"https:\/\/odlewnia-kowala.com.pl\/wp-content\/uploads\/2025\/09\/favicon.png","contentUrl":"https:\/\/odlewnia-kowala.com.pl\/wp-content\/uploads\/2025\/09\/favicon.png","width":512,"height":512},{"@type":"BreadcrumbList","@id":"https:\/\/odlewnia-kowala.com.pl\/historia\/poczatki-dzialalnosci\/#breadcrumb","itemListElement":[{"@type":"ListItem","position":1,"name":"Home","item":"https:\/\/odlewnia-kowala.com.pl\/"},{"@type":"ListItem","position":2,"name":"Historia","item":"https:\/\/odlewnia-kowala.com.pl\/historia\/"},{"@type":"ListItem","position":3,"name":"Pocz\u0105tki dzia\u0142alno\u015bci"}]},{"@type":"WebSite","@id":"https:\/\/odlewnia-kowala.com.pl\/#website","url":"https:\/\/odlewnia-kowala.com.pl\/","name":"Odlewnia Metali Kolorowych Kowala","description":"Odlewy aluminiowe i metali kolorowych \u2013 ci\u015bnieniowe, piaskowe, CNC \u2013 Odlewnia Kowala","potentialAction":[{"@type":"SearchAction","target":{"@type":"EntryPoint","urlTemplate":"https:\/\/odlewnia-kowala.com.pl\/?s={search_term_string}"},"query-input":{"@type":"PropertyValueSpecification","valueRequired":true,"valueName":"search_term_string"}}],"inLanguage":"en-US"}]}},"_links":{"self":[{"href":"https:\/\/odlewnia-kowala.com.pl\/en\/wp-json\/wp\/v2\/pages\/420","targetHints":{"allow":["GET"]}}],"collection":[{"href":"https:\/\/odlewnia-kowala.com.pl\/en\/wp-json\/wp\/v2\/pages"}],"about":[{"href":"https:\/\/odlewnia-kowala.com.pl\/en\/wp-json\/wp\/v2\/types\/page"}],"author":[{"embeddable":true,"href":"https:\/\/odlewnia-kowala.com.pl\/en\/wp-json\/wp\/v2\/users\/1"}],"replies":[{"embeddable":true,"href":"https:\/\/odlewnia-kowala.com.pl\/en\/wp-json\/wp\/v2\/comments?post=420"}],"version-history":[{"count":29,"href":"https:\/\/odlewnia-kowala.com.pl\/en\/wp-json\/wp\/v2\/pages\/420\/revisions"}],"predecessor-version":[{"id":1661,"href":"https:\/\/odlewnia-kowala.com.pl\/en\/wp-json\/wp\/v2\/pages\/420\/revisions\/1661"}],"up":[{"embeddable":true,"href":"https:\/\/odlewnia-kowala.com.pl\/en\/wp-json\/wp\/v2\/pages\/673"}],"wp:featuredmedia":[{"embeddable":true,"href":"https:\/\/odlewnia-kowala.com.pl\/en\/wp-json\/wp\/v2\/media\/30"}],"wp:attachment":[{"href":"https:\/\/odlewnia-kowala.com.pl\/en\/wp-json\/wp\/v2\/media?parent=420"}],"curies":[{"name":"wp","href":"https:\/\/api.w.org\/{rel}","templated":true}]}}