{"id":1984,"date":"2026-03-15T00:50:42","date_gmt":"2026-03-14T23:50:42","guid":{"rendered":"https:\/\/odlewnia-kowala.com.pl\/?page_id=1984"},"modified":"2026-04-24T09:13:00","modified_gmt":"2026-04-24T07:13:00","slug":"blog","status":"publish","type":"page","link":"https:\/\/odlewnia-kowala.com.pl\/en\/blog\/","title":{"rendered":"Blog"},"content":{"rendered":"<div data-elementor-type=\"wp-page\" data-elementor-id=\"1984\" class=\"elementor elementor-1984\" data-elementor-post-type=\"page\">\n\t\t\t\t<div class=\"elementor-element elementor-element-8e72513 e-flex e-con-boxed e-con e-parent\" data-id=\"8e72513\" data-element_type=\"container\">\n\t\t\t\t\t<div class=\"e-con-inner\">\n\t\t<div class=\"elementor-element elementor-element-7539946 e-con-full e-flex e-con e-child\" data-id=\"7539946\" data-element_type=\"container\">\n\t\t\t\t<div class=\"elementor-element elementor-element-7d5da2a elementor-widget elementor-widget-heading\" data-id=\"7d5da2a\" data-element_type=\"widget\" data-widget_type=\"heading.default\">\n\t\t\t\t\t<h1 class=\"elementor-heading-title elementor-size-default\">Blog<\/h1>\t\t\t\t<\/div>\n\t\t\t\t<\/div>\n\t\t\t\t<div class=\"elementor-element elementor-element-030a26a elementor-posts--align-center elementor-grid-3 elementor-grid-tablet-2 elementor-grid-mobile-1 elementor-posts--thumbnail-top elementor-card-shadow-yes elementor-posts__hover-gradient elementor-widget elementor-widget-posts\" data-id=\"030a26a\" data-element_type=\"widget\" data-settings=\"{&quot;cards_row_gap&quot;:{&quot;unit&quot;:&quot;px&quot;,&quot;size&quot;:24,&quot;sizes&quot;:[]},&quot;cards_columns&quot;:&quot;3&quot;,&quot;cards_columns_tablet&quot;:&quot;2&quot;,&quot;cards_columns_mobile&quot;:&quot;1&quot;,&quot;cards_row_gap_widescreen&quot;:{&quot;unit&quot;:&quot;px&quot;,&quot;size&quot;:&quot;&quot;,&quot;sizes&quot;:[]},&quot;cards_row_gap_laptop&quot;:{&quot;unit&quot;:&quot;px&quot;,&quot;size&quot;:&quot;&quot;,&quot;sizes&quot;:[]},&quot;cards_row_gap_tablet_extra&quot;:{&quot;unit&quot;:&quot;px&quot;,&quot;size&quot;:&quot;&quot;,&quot;sizes&quot;:[]},&quot;cards_row_gap_tablet&quot;:{&quot;unit&quot;:&quot;px&quot;,&quot;size&quot;:&quot;&quot;,&quot;sizes&quot;:[]},&quot;cards_row_gap_mobile_extra&quot;:{&quot;unit&quot;:&quot;px&quot;,&quot;size&quot;:&quot;&quot;,&quot;sizes&quot;:[]},&quot;cards_row_gap_mobile&quot;:{&quot;unit&quot;:&quot;px&quot;,&quot;size&quot;:&quot;&quot;,&quot;sizes&quot;:[]}}\" data-widget_type=\"posts.cards\">\n\t\t\t\t<div class=\"elementor-widget-container\">\n\t\t\t\t\t\t\t<div class=\"elementor-posts-container elementor-posts elementor-posts--skin-cards elementor-grid\" role=\"list\">\n\t\t\t\t<article class=\"elementor-post elementor-grid-item post-2010 post type-post status-publish format-standard has-post-thumbnail hentry category-bez-kategorii\" role=\"listitem\">\n\t\t\t<div class=\"elementor-post__card\">\n\t\t\t\t<a class=\"elementor-post__thumbnail__link\" href=\"https:\/\/odlewnia-kowala.com.pl\/en\/kompleksowa-obsluga-dostawcy-redukcja-kosztow\/\" tabindex=\"-1\" ><div class=\"elementor-post__thumbnail\"><img fetchpriority=\"high\" decoding=\"async\" width=\"690\" height=\"403\" src=\"https:\/\/odlewnia-kowala.com.pl\/wp-content\/uploads\/2025\/11\/working-blueprint-6.webp\" class=\"attachment-full size-full wp-image-1617\" alt=\"\" srcset=\"https:\/\/odlewnia-kowala.com.pl\/wp-content\/uploads\/2025\/11\/working-blueprint-6.webp 690w, https:\/\/odlewnia-kowala.com.pl\/wp-content\/uploads\/2025\/11\/working-blueprint-6-300x175.webp 300w\" sizes=\"(max-width: 690px) 100vw, 690px\" \/><\/div><\/a>\n\t\t\t\t<div class=\"elementor-post__text\">\n\t\t\t\t<h2 class=\"elementor-post__title\">\n\t\t\t<a href=\"https:\/\/odlewnia-kowala.com.pl\/en\/kompleksowa-obsluga-dostawcy-redukcja-kosztow\/\" >\n\t\t\t\tPrzewaga kompleksowej obs\u0142ugi: Dlaczego wsp\u00f3\u0142praca z jednym dostawc\u0105 redukuje koszty i wady\t\t\t<\/a>\n\t\t<\/h2>\n\t\t\t\t\t<div class=\"elementor-post__read-more-wrapper\">\n\t\t\n\t\t<a class=\"elementor-post__read-more\" href=\"https:\/\/odlewnia-kowala.com.pl\/en\/kompleksowa-obsluga-dostawcy-redukcja-kosztow\/\" aria-label=\"Read more about Przewaga kompleksowej obs\u0142ugi: Dlaczego wsp\u00f3\u0142praca z jednym dostawc\u0105 redukuje koszty i wady\" tabindex=\"-1\" >\n\t\t\tCzytaj \u00bb\t\t<\/a>\n\n\t\t\t\t\t<\/div>\n\t\t\t\t<\/div>\n\t\t\t\t<div class=\"elementor-post__meta-data\">\n\t\t\t\t\t<span class=\"elementor-post-date\">\n\t\t\t04\/22\/2026\t\t<\/span>\n\t\t\t\t<\/div>\n\t\t\t\t\t<\/div>\n\t\t<\/article>\n\t\t\t\t<article class=\"elementor-post elementor-grid-item post-2016 post type-post status-publish format-standard has-post-thumbnail hentry category-bez-kategorii\" role=\"listitem\">\n\t\t\t<div class=\"elementor-post__card\">\n\t\t\t\t<a class=\"elementor-post__thumbnail__link\" href=\"https:\/\/odlewnia-kowala.com.pl\/en\/skanowanie-3d-w-kontroli-jakosci\/\" tabindex=\"-1\" ><div class=\"elementor-post__thumbnail\"><img decoding=\"async\" width=\"700\" height=\"400\" src=\"https:\/\/odlewnia-kowala.com.pl\/wp-content\/uploads\/2025\/10\/druk33d.webp\" class=\"attachment-full size-full wp-image-1588\" alt=\"\" srcset=\"https:\/\/odlewnia-kowala.com.pl\/wp-content\/uploads\/2025\/10\/druk33d.webp 700w, https:\/\/odlewnia-kowala.com.pl\/wp-content\/uploads\/2025\/10\/druk33d-300x171.webp 300w\" sizes=\"(max-width: 700px) 100vw, 700px\" \/><\/div><\/a>\n\t\t\t\t<div class=\"elementor-post__text\">\n\t\t\t\t<h2 class=\"elementor-post__title\">\n\t\t\t<a href=\"https:\/\/odlewnia-kowala.com.pl\/en\/skanowanie-3d-w-kontroli-jakosci\/\" >\n\t\t\t\tSkanowanie 3D w kontroli jako\u015bci: Nowe mo\u017cliwo\u015bci w in\u017cynierii odwrotnej\t\t\t<\/a>\n\t\t<\/h2>\n\t\t\t\t\t<div class=\"elementor-post__read-more-wrapper\">\n\t\t\n\t\t<a class=\"elementor-post__read-more\" href=\"https:\/\/odlewnia-kowala.com.pl\/en\/skanowanie-3d-w-kontroli-jakosci\/\" aria-label=\"Read more about Skanowanie 3D w kontroli jako\u015bci: Nowe mo\u017cliwo\u015bci w in\u017cynierii odwrotnej\" tabindex=\"-1\" >\n\t\t\tCzytaj \u00bb\t\t<\/a>\n\n\t\t\t\t\t<\/div>\n\t\t\t\t<\/div>\n\t\t\t\t<div class=\"elementor-post__meta-data\">\n\t\t\t\t\t<span class=\"elementor-post-date\">\n\t\t\t04\/16\/2026\t\t<\/span>\n\t\t\t\t<\/div>\n\t\t\t\t\t<\/div>\n\t\t<\/article>\n\t\t\t\t<article class=\"elementor-post elementor-grid-item post-2025 post type-post status-publish format-standard has-post-thumbnail hentry category-bez-kategorii\" role=\"listitem\">\n\t\t\t<div class=\"elementor-post__card\">\n\t\t\t\t<a class=\"elementor-post__thumbnail__link\" href=\"https:\/\/odlewnia-kowala.com.pl\/en\/design-for-manufacturing-dfm-odlewanie\/\" tabindex=\"-1\" ><div class=\"elementor-post__thumbnail\"><img decoding=\"async\" width=\"2560\" height=\"1396\" src=\"https:\/\/odlewnia-kowala.com.pl\/wp-content\/uploads\/2026\/04\/dfm-1-scaled.webp\" class=\"attachment-full size-full wp-image-2031\" alt=\"\" srcset=\"https:\/\/odlewnia-kowala.com.pl\/wp-content\/uploads\/2026\/04\/dfm-1-scaled.webp 2560w, https:\/\/odlewnia-kowala.com.pl\/wp-content\/uploads\/2026\/04\/dfm-1-300x164.webp 300w, https:\/\/odlewnia-kowala.com.pl\/wp-content\/uploads\/2026\/04\/dfm-1-1024x559.webp 1024w, https:\/\/odlewnia-kowala.com.pl\/wp-content\/uploads\/2026\/04\/dfm-1-768x419.webp 768w, https:\/\/odlewnia-kowala.com.pl\/wp-content\/uploads\/2026\/04\/dfm-1-1536x838.webp 1536w, https:\/\/odlewnia-kowala.com.pl\/wp-content\/uploads\/2026\/04\/dfm-1-2048x1117.webp 2048w\" sizes=\"(max-width: 2560px) 100vw, 2560px\" \/><\/div><\/a>\n\t\t\t\t<div class=\"elementor-post__text\">\n\t\t\t\t<h2 class=\"elementor-post__title\">\n\t\t\t<a href=\"https:\/\/odlewnia-kowala.com.pl\/en\/design-for-manufacturing-dfm-odlewanie\/\" >\n\t\t\t\tOptymalizacja projekt\u00f3w pod odlewanie: Dlaczego Design for Manufacturing (DfM) jest kluczowy dla sukcesu produkcji?\t\t\t<\/a>\n\t\t<\/h2>\n\t\t\t\t\t<div class=\"elementor-post__read-more-wrapper\">\n\t\t\n\t\t<a class=\"elementor-post__read-more\" href=\"https:\/\/odlewnia-kowala.com.pl\/en\/design-for-manufacturing-dfm-odlewanie\/\" aria-label=\"Read more about Optymalizacja projekt\u00f3w pod odlewanie: Dlaczego Design for Manufacturing (DfM) jest kluczowy dla sukcesu produkcji?\" tabindex=\"-1\" >\n\t\t\tCzytaj \u00bb\t\t<\/a>\n\n\t\t\t\t\t<\/div>\n\t\t\t\t<\/div>\n\t\t\t\t<div class=\"elementor-post__meta-data\">\n\t\t\t\t\t<span class=\"elementor-post-date\">\n\t\t\t04\/10\/2026\t\t<\/span>\n\t\t\t\t<\/div>\n\t\t\t\t\t<\/div>\n\t\t<\/article>\n\t\t\t\t<article class=\"elementor-post elementor-grid-item post-2023 post type-post status-publish format-standard has-post-thumbnail hentry category-bez-kategorii\" role=\"listitem\">\n\t\t\t<div class=\"elementor-post__card\">\n\t\t\t\t<a class=\"elementor-post__thumbnail__link\" href=\"https:\/\/odlewnia-kowala.com.pl\/en\/bledy-w-doborze-stopow-aluminium\/\" tabindex=\"-1\" ><div class=\"elementor-post__thumbnail\"><img loading=\"lazy\" decoding=\"async\" width=\"2560\" height=\"1350\" src=\"https:\/\/odlewnia-kowala.com.pl\/wp-content\/uploads\/2025\/11\/odlewnia-tlo-scaled.webp\" class=\"attachment-full size-full wp-image-1720\" alt=\"\" srcset=\"https:\/\/odlewnia-kowala.com.pl\/wp-content\/uploads\/2025\/11\/odlewnia-tlo-scaled.webp 2560w, https:\/\/odlewnia-kowala.com.pl\/wp-content\/uploads\/2025\/11\/odlewnia-tlo-300x158.webp 300w, https:\/\/odlewnia-kowala.com.pl\/wp-content\/uploads\/2025\/11\/odlewnia-tlo-1024x540.webp 1024w, https:\/\/odlewnia-kowala.com.pl\/wp-content\/uploads\/2025\/11\/odlewnia-tlo-768x405.webp 768w, https:\/\/odlewnia-kowala.com.pl\/wp-content\/uploads\/2025\/11\/odlewnia-tlo-1536x810.webp 1536w, https:\/\/odlewnia-kowala.com.pl\/wp-content\/uploads\/2025\/11\/odlewnia-tlo-2048x1080.webp 2048w\" sizes=\"(max-width: 2560px) 100vw, 2560px\" \/><\/div><\/a>\n\t\t\t\t<div class=\"elementor-post__text\">\n\t\t\t\t<h2 class=\"elementor-post__title\">\n\t\t\t<a href=\"https:\/\/odlewnia-kowala.com.pl\/en\/bledy-w-doborze-stopow-aluminium\/\" >\n\t\t\t\tB\u0142\u0119dy w doborze stop\u00f3w aluminium: Jak unikn\u0105\u0107 kosztownych konsekwencji?\t\t\t<\/a>\n\t\t<\/h2>\n\t\t\t\t\t<div class=\"elementor-post__read-more-wrapper\">\n\t\t\n\t\t<a class=\"elementor-post__read-more\" href=\"https:\/\/odlewnia-kowala.com.pl\/en\/bledy-w-doborze-stopow-aluminium\/\" aria-label=\"Read more about B\u0142\u0119dy w doborze stop\u00f3w aluminium: Jak unikn\u0105\u0107 kosztownych konsekwencji?\" tabindex=\"-1\" >\n\t\t\tCzytaj \u00bb\t\t<\/a>\n\n\t\t\t\t\t<\/div>\n\t\t\t\t<\/div>\n\t\t\t\t<div class=\"elementor-post__meta-data\">\n\t\t\t\t\t<span class=\"elementor-post-date\">\n\t\t\t03\/28\/2026\t\t<\/span>\n\t\t\t\t<\/div>\n\t\t\t\t\t<\/div>\n\t\t<\/article>\n\t\t\t\t<article class=\"elementor-post elementor-grid-item post-2018 post type-post status-publish format-standard has-post-thumbnail hentry category-bez-kategorii\" role=\"listitem\">\n\t\t\t<div class=\"elementor-post__card\">\n\t\t\t\t<a class=\"elementor-post__thumbnail__link\" href=\"https:\/\/odlewnia-kowala.com.pl\/en\/kompleksowa-obsluga-produkcji\/\" tabindex=\"-1\" ><div class=\"elementor-post__thumbnail\"><img loading=\"lazy\" decoding=\"async\" width=\"2560\" height=\"1458\" src=\"https:\/\/odlewnia-kowala.com.pl\/wp-content\/uploads\/2025\/10\/17-scaled.webp\" class=\"attachment-full size-full wp-image-1357\" alt=\"\" srcset=\"https:\/\/odlewnia-kowala.com.pl\/wp-content\/uploads\/2025\/10\/17-scaled.webp 2560w, https:\/\/odlewnia-kowala.com.pl\/wp-content\/uploads\/2025\/10\/17-300x171.webp 300w, https:\/\/odlewnia-kowala.com.pl\/wp-content\/uploads\/2025\/10\/17-1024x583.webp 1024w, https:\/\/odlewnia-kowala.com.pl\/wp-content\/uploads\/2025\/10\/17-768x437.webp 768w, https:\/\/odlewnia-kowala.com.pl\/wp-content\/uploads\/2025\/10\/17-1536x875.webp 1536w, https:\/\/odlewnia-kowala.com.pl\/wp-content\/uploads\/2025\/10\/17-2048x1166.webp 2048w\" sizes=\"(max-width: 2560px) 100vw, 2560px\" \/><\/div><\/a>\n\t\t\t\t<div class=\"elementor-post__text\">\n\t\t\t\t<h2 class=\"elementor-post__title\">\n\t\t\t<a href=\"https:\/\/odlewnia-kowala.com.pl\/en\/kompleksowa-obsluga-produkcji\/\" >\n\t\t\t\tKompleksowa obs\u0142uga produkcji: Integracja odlewania i obr\u00f3bki CNC w celu redukcji koszt\u00f3w\t\t\t<\/a>\n\t\t<\/h2>\n\t\t\t\t\t<div class=\"elementor-post__read-more-wrapper\">\n\t\t\n\t\t<a class=\"elementor-post__read-more\" href=\"https:\/\/odlewnia-kowala.com.pl\/en\/kompleksowa-obsluga-produkcji\/\" aria-label=\"Read more about Kompleksowa obs\u0142uga produkcji: Integracja odlewania i obr\u00f3bki CNC w celu redukcji koszt\u00f3w\" tabindex=\"-1\" >\n\t\t\tCzytaj \u00bb\t\t<\/a>\n\n\t\t\t\t\t<\/div>\n\t\t\t\t<\/div>\n\t\t\t\t<div class=\"elementor-post__meta-data\">\n\t\t\t\t\t<span class=\"elementor-post-date\">\n\t\t\t03\/25\/2026\t\t<\/span>\n\t\t\t\t<\/div>\n\t\t\t\t\t<\/div>\n\t\t<\/article>\n\t\t\t\t<article class=\"elementor-post elementor-grid-item post-1997 post type-post status-publish format-standard has-post-thumbnail hentry category-bez-kategorii\" role=\"listitem\">\n\t\t\t<div class=\"elementor-post__card\">\n\t\t\t\t<a class=\"elementor-post__thumbnail__link\" href=\"https:\/\/odlewnia-kowala.com.pl\/en\/nowoczesne-technologie-w-odlewnictwie-aluminium-od-projektu-3d-przez-formy-piaskowe-i-cisnieniowe-az-po-precyzyjna-obrobke-cnc-i-skanowanie-3d\/\" tabindex=\"-1\" ><div class=\"elementor-post__thumbnail\"><img loading=\"lazy\" decoding=\"async\" width=\"2560\" height=\"1350\" src=\"https:\/\/odlewnia-kowala.com.pl\/wp-content\/uploads\/2025\/11\/odlewnia-tlo-scaled.webp\" class=\"attachment-full size-full wp-image-1720\" alt=\"\" srcset=\"https:\/\/odlewnia-kowala.com.pl\/wp-content\/uploads\/2025\/11\/odlewnia-tlo-scaled.webp 2560w, https:\/\/odlewnia-kowala.com.pl\/wp-content\/uploads\/2025\/11\/odlewnia-tlo-300x158.webp 300w, https:\/\/odlewnia-kowala.com.pl\/wp-content\/uploads\/2025\/11\/odlewnia-tlo-1024x540.webp 1024w, https:\/\/odlewnia-kowala.com.pl\/wp-content\/uploads\/2025\/11\/odlewnia-tlo-768x405.webp 768w, https:\/\/odlewnia-kowala.com.pl\/wp-content\/uploads\/2025\/11\/odlewnia-tlo-1536x810.webp 1536w, https:\/\/odlewnia-kowala.com.pl\/wp-content\/uploads\/2025\/11\/odlewnia-tlo-2048x1080.webp 2048w\" sizes=\"(max-width: 2560px) 100vw, 2560px\" \/><\/div><\/a>\n\t\t\t\t<div class=\"elementor-post__text\">\n\t\t\t\t<h2 class=\"elementor-post__title\">\n\t\t\t<a href=\"https:\/\/odlewnia-kowala.com.pl\/en\/nowoczesne-technologie-w-odlewnictwie-aluminium-od-projektu-3d-przez-formy-piaskowe-i-cisnieniowe-az-po-precyzyjna-obrobke-cnc-i-skanowanie-3d\/\" >\n\t\t\t\tNowoczesne Technologie w Odlewnictwie Aluminium: Od Projektu 3D, przez Formy Piaskowe i Ci\u015bnieniowe, a\u017c po Precyzyjn\u0105 Obr\u00f3bk\u0119 CNC i Skanowanie 3D\t\t\t<\/a>\n\t\t<\/h2>\n\t\t\t\t\t<div class=\"elementor-post__read-more-wrapper\">\n\t\t\n\t\t<a class=\"elementor-post__read-more\" href=\"https:\/\/odlewnia-kowala.com.pl\/en\/nowoczesne-technologie-w-odlewnictwie-aluminium-od-projektu-3d-przez-formy-piaskowe-i-cisnieniowe-az-po-precyzyjna-obrobke-cnc-i-skanowanie-3d\/\" aria-label=\"Read more about Nowoczesne Technologie w Odlewnictwie Aluminium: Od Projektu 3D, przez Formy Piaskowe i Ci\u015bnieniowe, a\u017c po Precyzyjn\u0105 Obr\u00f3bk\u0119 CNC i Skanowanie 3D\" tabindex=\"-1\" >\n\t\t\tCzytaj \u00bb\t\t<\/a>\n\n\t\t\t\t\t<\/div>\n\t\t\t\t<\/div>\n\t\t\t\t<div class=\"elementor-post__meta-data\">\n\t\t\t\t\t<span class=\"elementor-post-date\">\n\t\t\t03\/15\/2026\t\t<\/span>\n\t\t\t\t<\/div>\n\t\t\t\t\t<\/div>\n\t\t<\/article>\n\t\t\t\t<\/div>\n\t\t\n\t\t\t\t\t\t<\/div>\n\t\t\t\t<\/div>\n\t\t\t\t\t<\/div>\n\t\t\t\t<\/div>\n\t\t\t\t<\/div>","protected":false},"excerpt":{"rendered":"<p>Blog<\/p>","protected":false},"author":1,"featured_media":0,"parent":0,"menu_order":0,"comment_status":"closed","ping_status":"closed","template":"","meta":{"_acf_changed":false,"footnotes":""},"class_list":["post-1984","page","type-page","status-publish","hentry"],"acf":[],"yoast_head":"<!-- This site is optimized with the Yoast SEO Premium plugin v25.7.1 (Yoast SEO v25.7) - https:\/\/yoast.com\/wordpress\/plugins\/seo\/ -->\n<title>Blog - Odlewnia Metali Kolorowych Kowala<\/title>\n<meta name=\"robots\" content=\"index, follow, max-snippet:-1, max-image-preview:large, max-video-preview:-1\" \/>\n<link rel=\"canonical\" href=\"https:\/\/odlewnia-kowala.com.pl\/en\/blog\/\" \/>\n<meta property=\"og:locale\" content=\"en_US\" \/>\n<meta property=\"og:type\" content=\"article\" \/>\n<meta property=\"og:title\" content=\"Blog\" \/>\n<meta property=\"og:description\" content=\"Blog\" \/>\n<meta property=\"og:url\" content=\"https:\/\/odlewnia-kowala.com.pl\/en\/blog\/\" \/>\n<meta property=\"og:site_name\" content=\"Odlewnia Metali Kolorowych Kowala\" \/>\n<meta property=\"article:publisher\" content=\"https:\/\/www.facebook.com\/profile.php?id=100093904969323\" \/>\n<meta property=\"article:modified_time\" content=\"2026-04-24T07:13:00+00:00\" \/>\n<meta name=\"twitter:card\" content=\"summary_large_image\" \/>\n<meta name=\"twitter:label1\" content=\"Est. reading time\" \/>\n\t<meta name=\"twitter:data1\" content=\"2 minutes\" \/>\n<script type=\"application\/ld+json\" class=\"yoast-schema-graph\">{\"@context\":\"https:\/\/schema.org\",\"@graph\":[{\"@type\":\"WebPage\",\"@id\":\"https:\/\/odlewnia-kowala.com.pl\/blog\/\",\"url\":\"https:\/\/odlewnia-kowala.com.pl\/blog\/\",\"name\":\"Blog - Odlewnia Metali Kolorowych Kowala\",\"isPartOf\":{\"@id\":\"https:\/\/odlewnia-kowala.com.pl\/#website\"},\"datePublished\":\"2026-03-14T23:50:42+00:00\",\"dateModified\":\"2026-04-24T07:13:00+00:00\",\"breadcrumb\":{\"@id\":\"https:\/\/odlewnia-kowala.com.pl\/blog\/#breadcrumb\"},\"inLanguage\":\"en-US\",\"potentialAction\":[{\"@type\":\"ReadAction\",\"target\":[\"https:\/\/odlewnia-kowala.com.pl\/blog\/\"]}]},{\"@type\":\"BreadcrumbList\",\"@id\":\"https:\/\/odlewnia-kowala.com.pl\/blog\/#breadcrumb\",\"itemListElement\":[{\"@type\":\"ListItem\",\"position\":1,\"name\":\"Home\",\"item\":\"https:\/\/odlewnia-kowala.com.pl\/\"},{\"@type\":\"ListItem\",\"position\":2,\"name\":\"Blog\"}]},{\"@type\":\"WebSite\",\"@id\":\"https:\/\/odlewnia-kowala.com.pl\/#website\",\"url\":\"https:\/\/odlewnia-kowala.com.pl\/\",\"name\":\"Odlewnia Metali Kolorowych Kowala\",\"description\":\"Odlewy aluminiowe i metali kolorowych \u2013 ci\u015bnieniowe, piaskowe, CNC \u2013 Odlewnia Kowala\",\"potentialAction\":[{\"@type\":\"SearchAction\",\"target\":{\"@type\":\"EntryPoint\",\"urlTemplate\":\"https:\/\/odlewnia-kowala.com.pl\/?s={search_term_string}\"},\"query-input\":{\"@type\":\"PropertyValueSpecification\",\"valueRequired\":true,\"valueName\":\"search_term_string\"}}],\"inLanguage\":\"en-US\"}]}<\/script>\n<!-- \/ Yoast SEO Premium plugin. -->","yoast_head_json":{"title":"Blog - Odlewnia Metali Kolorowych Kowala","robots":{"index":"index","follow":"follow","max-snippet":"max-snippet:-1","max-image-preview":"max-image-preview:large","max-video-preview":"max-video-preview:-1"},"canonical":"https:\/\/odlewnia-kowala.com.pl\/en\/blog\/","og_locale":"en_US","og_type":"article","og_title":"Blog","og_description":"Blog","og_url":"https:\/\/odlewnia-kowala.com.pl\/en\/blog\/","og_site_name":"Odlewnia Metali Kolorowych Kowala","article_publisher":"https:\/\/www.facebook.com\/profile.php?id=100093904969323","article_modified_time":"2026-04-24T07:13:00+00:00","twitter_card":"summary_large_image","twitter_misc":{"Est. reading time":"2 minutes"},"schema":{"@context":"https:\/\/schema.org","@graph":[{"@type":"WebPage","@id":"https:\/\/odlewnia-kowala.com.pl\/blog\/","url":"https:\/\/odlewnia-kowala.com.pl\/blog\/","name":"Blog - Odlewnia Metali Kolorowych Kowala","isPartOf":{"@id":"https:\/\/odlewnia-kowala.com.pl\/#website"},"datePublished":"2026-03-14T23:50:42+00:00","dateModified":"2026-04-24T07:13:00+00:00","breadcrumb":{"@id":"https:\/\/odlewnia-kowala.com.pl\/blog\/#breadcrumb"},"inLanguage":"en-US","potentialAction":[{"@type":"ReadAction","target":["https:\/\/odlewnia-kowala.com.pl\/blog\/"]}]},{"@type":"BreadcrumbList","@id":"https:\/\/odlewnia-kowala.com.pl\/blog\/#breadcrumb","itemListElement":[{"@type":"ListItem","position":1,"name":"Home","item":"https:\/\/odlewnia-kowala.com.pl\/"},{"@type":"ListItem","position":2,"name":"Blog"}]},{"@type":"WebSite","@id":"https:\/\/odlewnia-kowala.com.pl\/#website","url":"https:\/\/odlewnia-kowala.com.pl\/","name":"Odlewnia Metali Kolorowych Kowala","description":"Odlewy aluminiowe i metali kolorowych \u2013 ci\u015bnieniowe, piaskowe, CNC \u2013 Odlewnia Kowala","potentialAction":[{"@type":"SearchAction","target":{"@type":"EntryPoint","urlTemplate":"https:\/\/odlewnia-kowala.com.pl\/?s={search_term_string}"},"query-input":{"@type":"PropertyValueSpecification","valueRequired":true,"valueName":"search_term_string"}}],"inLanguage":"en-US"}]}},"_links":{"self":[{"href":"https:\/\/odlewnia-kowala.com.pl\/en\/wp-json\/wp\/v2\/pages\/1984","targetHints":{"allow":["GET"]}}],"collection":[{"href":"https:\/\/odlewnia-kowala.com.pl\/en\/wp-json\/wp\/v2\/pages"}],"about":[{"href":"https:\/\/odlewnia-kowala.com.pl\/en\/wp-json\/wp\/v2\/types\/page"}],"author":[{"embeddable":true,"href":"https:\/\/odlewnia-kowala.com.pl\/en\/wp-json\/wp\/v2\/users\/1"}],"replies":[{"embeddable":true,"href":"https:\/\/odlewnia-kowala.com.pl\/en\/wp-json\/wp\/v2\/comments?post=1984"}],"version-history":[{"count":13,"href":"https:\/\/odlewnia-kowala.com.pl\/en\/wp-json\/wp\/v2\/pages\/1984\/revisions"}],"predecessor-version":[{"id":2053,"href":"https:\/\/odlewnia-kowala.com.pl\/en\/wp-json\/wp\/v2\/pages\/1984\/revisions\/2053"}],"wp:attachment":[{"href":"https:\/\/odlewnia-kowala.com.pl\/en\/wp-json\/wp\/v2\/media?parent=1984"}],"curies":[{"name":"wp","href":"https:\/\/api.w.org\/{rel}","templated":true}]}}